{"id":9860,"date":"2026-04-23T22:42:09","date_gmt":"2026-04-23T20:42:09","guid":{"rendered":"https:\/\/www.steelzone.eu\/produkt\/kerti-haz-ferrum\/"},"modified":"2026-04-25T01:51:05","modified_gmt":"2026-04-24T23:51:05","slug":"kerti-haz-ferrum","status":"publish","type":"product","link":"https:\/\/www.steelzone.eu\/hu\/produkt\/kerti-haz-ferrum\/","title":{"rendered":"Ferrum kerti h\u00e1z"},"content":{"rendered":"<section class=\"text-token-text-primary w-full focus:outline-none [--shadow-height:45px] has-data-writing-block:pointer-events-none has-data-writing-block:-mt-(--shadow-height) has-data-writing-block:pt-(--shadow-height) [&amp;:has([data-writing-block])&gt;*]:pointer-events-auto [content-visibility:auto] supports-[content-visibility:auto]:[contain-intrinsic-size:auto_100lvh] R6Vx5W_threadScrollVars scroll-mb-[calc(var(--scroll-root-safe-area-inset-bottom,0px)+var(--thread-response-height))] scroll-mt-[calc(var(--header-height)+min(200px,max(70px,20svh)))]\" dir=\"auto\" data-turn-id=\"request-WEB:19d0ee94-0321-487d-b675-18f847acc294-2\" data-testid=\"conversation-turn-6\" data-scroll-anchor=\"false\" data-turn=\"assistant\">\n<div class=\"text-base my-auto mx-auto pb-10 [--thread-content-margin:var(--thread-content-margin-xs,calc(var(--spacing)*4))] @w-sm\/main:[--thread-content-margin:var(--thread-content-margin-sm,calc(var(--spacing)*6))] @w-lg\/main:[--thread-content-margin:var(--thread-content-margin-lg,calc(var(--spacing)*16))] px-(--thread-content-margin)\">\n<div class=\"[--thread-content-max-width:40rem] @w-lg\/main:[--thread-content-max-width:48rem] mx-auto max-w-(--thread-content-max-width) flex-1 group\/turn-messages focus-visible:outline-hidden relative flex w-full min-w-0 flex-col agent-turn\">\n<div class=\"flex max-w-full flex-col gap-4 grow\">\n<div class=\"min-h-8 text-message relative flex w-full flex-col items-end gap-2 text-start break-words whitespace-normal outline-none keyboard-focused:focus-ring [.text-message+&amp;]:mt-1\" dir=\"auto\" tabindex=\"0\" data-message-author-role=\"assistant\" data-message-id=\"a1f01848-8a4b-40d8-9ec1-618e4489ad32\" data-message-model-slug=\"gpt-5-3\" data-turn-start-message=\"true\">\n<div class=\"flex w-full flex-col gap-1 empty:hidden\">\n<div class=\"markdown prose dark:prose-invert w-full wrap-break-word dark markdown-new-styling\">\n<p data-start=\"0\" data-end=\"306\">A FERRUM egy pr\u00e9mium <a href=\"https:\/\/www.steelzone.eu\/hu\/kertes-haz\/\">kerti h\u00e1z<\/a>, amely biztons\u00e1gos \u00e9s hossz\u00fa t\u00e1v\u00fa t\u00e1rol\u00e1sra szolg\u00e1l, az ellen\u00e1ll\u00f3 k\u00e9pess\u00e9gre \u00e9s a modern \u00e9p\u00edt\u00e9szeti megjelen\u00e9sre helyezve a hangs\u00falyt. A kerti h\u00e1z szerkezete porsz\u00f3rt fel\u00fcletkezel\u00e9ssel ell\u00e1tott horganyzott ac\u00e9lprofilokb\u00f3l k\u00e9sz\u00fclt, ami magas ellen\u00e1ll\u00f3 k\u00e9pess\u00e9get biztos\u00edt az id\u0151j\u00e1r\u00e1si viszonyokkal szemben. <\/p>\n<p data-start=\"308\" data-end=\"777\" data-is-last-node=\"\" data-is-only-node=\"\">A kerti h\u00e1z l\u00e9zerv\u00e1gott panellel ell\u00e1tott ajt\u00f3val \u00e9s t\u00f6m\u00f6r polikarbon\u00e1tb\u00f3l k\u00e9sz\u00fclt f\u00fcgg\u0151leges ablakkal rendelkezik, amely magas f\u00e9ny\u00e1tereszt\u0151 k\u00e9pess\u00e9ggel b\u00edr. A kerti h\u00e1z el\u00fcls\u0151 paneljei val\u00f3di k\u0151, beton vagy kvarcit furn\u00e9ranyagb\u00f3l k\u00e9sz\u00fcltek (nem ut\u00e1nzat). A m\u00e9retek \u00e9s a kivitelez\u00e9s egyedileg testreszabhat\u00f3, a \u00e1rstrukt\u00fara \u00e9s a fel\u00e1r\u0430\u043a megegyeznek a <a href=\"https:\/\/www.steelzone.eu\/hu\/produkt\/kertes-haz-venturo\/\">VENTURO<\/a> modell\u00e9vel.  <\/p>\n<\/div>\n<\/div>\n<\/div>\n<\/div>\n<div class=\"z-0 flex min-h-[46px] justify-start\"><\/div>\n<div class=\"mt-3 w-full empty:hidden\">\n<div class=\"text-center\"><\/div>\n<\/div>\n<\/div>\n<\/div>\n<\/section>\n<div class=\"pointer-events-none -mt-px h-px translate-y-[calc(var(--scroll-root-safe-area-inset-bottom)-14*var(--spacing))]\" aria-hidden=\"true\"><\/div>\n","protected":false},"excerpt":{"rendered":"<p>A FERRUM egy pr\u00e9mium kerti h\u00e1z, amely biztons\u00e1gos \u00e9s hossz\u00fa t\u00e1v\u00fa t\u00e1rol\u00e1sra szolg\u00e1l, az ellen\u00e1ll\u00f3 k\u00e9pess\u00e9gre \u00e9s a modern \u00e9p\u00edt\u00e9szeti megjelen\u00e9sre helyezve a hangs\u00falyt. A kerti h\u00e1z szerkezete porsz\u00f3rt fel\u00fcletkezel\u00e9ssel ell\u00e1tott horganyzott ac\u00e9lprofilokb\u00f3l k\u00e9sz\u00fclt, ami magas ellen\u00e1ll\u00f3 k\u00e9pess\u00e9get biztos\u00edt az id\u0151j\u00e1r\u00e1si viszonyokkal szemben. A kerti h\u00e1z l\u00e9zerv\u00e1gott panellel ell\u00e1tott ajt\u00f3val \u00e9s t\u00f6m\u00f6r polikarbon\u00e1tb\u00f3l k\u00e9sz\u00fclt f\u00fcgg\u0151leges [&hellip;]<\/p>\n","protected":false},"featured_media":9842,"template":"","meta":[],"product_brand":[],"product_cat":[61],"product_tag":[104,82,105],"class_list":{"0":"post-9860","1":"product","2":"type-product","3":"status-publish","4":"has-post-thumbnail","6":"product_cat-kerti-hazak","7":"product_tag-kertes-haz","8":"product_tag-kerti-dobozok","9":"product_tag-kerti-muhely","11":"first","12":"instock","13":"featured","14":"taxable","15":"shipping-taxable","16":"purchasable","17":"product-type-simple"},"_links":{"self":[{"href":"https:\/\/www.steelzone.eu\/hu\/wp-json\/wp\/v2\/product\/9860","targetHints":{"allow":["GET"]}}],"collection":[{"href":"https:\/\/www.steelzone.eu\/hu\/wp-json\/wp\/v2\/product"}],"about":[{"href":"https:\/\/www.steelzone.eu\/hu\/wp-json\/wp\/v2\/types\/product"}],"version-history":[{"count":1,"href":"https:\/\/www.steelzone.eu\/hu\/wp-json\/wp\/v2\/product\/9860\/revisions"}],"predecessor-version":[{"id":9875,"href":"https:\/\/www.steelzone.eu\/hu\/wp-json\/wp\/v2\/product\/9860\/revisions\/9875"}],"wp:featuredmedia":[{"embeddable":true,"href":"https:\/\/www.steelzone.eu\/hu\/wp-json\/wp\/v2\/media\/9842"}],"wp:attachment":[{"href":"https:\/\/www.steelzone.eu\/hu\/wp-json\/wp\/v2\/media?parent=9860"}],"wp:term":[{"taxonomy":"product_brand","embeddable":true,"href":"https:\/\/www.steelzone.eu\/hu\/wp-json\/wp\/v2\/product_brand?post=9860"},{"taxonomy":"product_cat","embeddable":true,"href":"https:\/\/www.steelzone.eu\/hu\/wp-json\/wp\/v2\/product_cat?post=9860"},{"taxonomy":"product_tag","embeddable":true,"href":"https:\/\/www.steelzone.eu\/hu\/wp-json\/wp\/v2\/product_tag?post=9860"}],"curies":[{"name":"wp","href":"https:\/\/api.w.org\/{rel}","templated":true}]}}