{"id":8925,"date":"2026-02-07T21:09:53","date_gmt":"2026-02-07T20:09:53","guid":{"rendered":"https:\/\/www.steelzone.eu\/?post_type=product&#038;p=8925"},"modified":"2026-02-08T13:18:07","modified_gmt":"2026-02-08T12:18:07","slug":"kertes-haz-ferrobox","status":"publish","type":"product","link":"https:\/\/www.steelzone.eu\/hu\/produkt\/kertes-haz-ferrobox\/","title":{"rendered":"Ferrobox kerti t\u00e1rol\u00f3"},"content":{"rendered":"<p><strong>FERROBOX<\/strong> egy modern <strong>kerti t\u00e1rol\u00f3doboz<\/strong>, amely \u00f6tv\u00f6zi a nagy ellen\u00e1ll\u00e1st, a praktikus haszn\u00e1latot \u00e9s a letisztult diz\u00e1jnt a modern k\u00fclt\u00e9ri terekhez. A <strong>horganyzott<\/strong> ac\u00e9lprofilokb\u00f3l k\u00e9sz\u00fclt massz\u00edv szerkezet \u00e9s a <strong>porsz\u00f3rt bevonat<\/strong> hossz\u00fa \u00e9lettartamot, stabilit\u00e1st \u00e9s id\u0151j\u00e1r\u00e1s\u00e1ll\u00f3s\u00e1got biztos\u00edt, ig\u00e9nyes karbantart\u00e1s n\u00e9lk\u00fcl. <\/p>\n<p>A <strong>FERROBOX<\/strong> diz\u00e1jnja a r\u00e9szletekre \u00e9p\u00fcl \u2013 a <strong>f\u00fcgg\u0151leges dekorat\u00edv profilok<\/strong> \u00e9s a <strong>CNC-vel v\u00e1gott mint\u00e1zat\u00fa<\/strong> ajt\u00f3k pr\u00e9mium, modern megjelen\u00e9st k\u00f6lcs\u00f6n\u00f6znek. Az el\u00fcls\u0151 r\u00e9sz k\u00e9sz\u00fclhet f\u00e9mlemezb\u0151l, fa burkolatb\u00f3l vagy kompozit lapb\u00f3l, \u00edgy a t\u00e1rol\u00f3doboz k\u00f6nnyed\u00e9n illeszthet\u0151 a h\u00e1zhoz, teraszhoz vagy kerthez. <\/p>\n<p>A FERROBOX <strong>teljesen konfigur\u00e1lhat\u00f3<\/strong> \u2013 m\u00e9retei pontosan az \u00d6n ter\u00e9hez igaz\u00edthat\u00f3k. Ide\u00e1lis megold\u00e1s szersz\u00e1mok, kerti kieg\u00e9sz\u00edt\u0151k vagy technika t\u00e1rol\u00e1s\u00e1ra, mik\u00f6zben diz\u00e1jnelemk\u00e9nt is funkcion\u00e1l, n\u00f6velve k\u00fclt\u00e9ri ter\u00e9nek \u00e9rt\u00e9k\u00e9t. <\/p>\n","protected":false},"excerpt":{"rendered":"<p><strong>FERROBOX<\/strong> egy modern <strong>kerti t\u00e1rol\u00f3doboz<\/strong>, mely magas tart\u00f3ss\u00e1got, praktikus haszn\u00e1latot \u00e9s letisztult diz\u00e1jnt k\u00edn\u00e1l modern k\u00fclt\u00e9ri terekbe. A <strong>horganyzott<\/strong> ac\u00e9lprofilokb\u00f3l k\u00e9sz\u00fclt massz\u00edv szerkezet \u00e9s a <strong>porsz\u00f3rt bevonat<\/strong> hossz\u00fa \u00e9lettartamot, stabilit\u00e1st \u00e9s id\u0151j\u00e1r\u00e1s\u00e1ll\u00f3s\u00e1got biztos\u00edt, minim\u00e1lis karbantart\u00e1s mellett.<\/p>\n<p>A <strong>FERROBOX<\/strong> diz\u00e1jnja a r\u00e9szletekre \u00e9p\u00fcl \u2013 a <strong>f\u00fcgg\u0151leges dekorat\u00edv profilok<\/strong> \u00e9s a <strong>CNC v\u00e1gott mint\u00e1zat\u00fa<\/strong> ajt\u00f3k pr\u00e9mium, modern megjelen\u00e9st k\u00f6lcs\u00f6n\u00f6znek. Az el\u0151lap k\u00e9sz\u00fclhet lemezb\u0151l, fa burkolatb\u00f3l vagy kompozit lapb\u00f3l, \u00edgy a t\u00e1rol\u00f3doboz k\u00f6nnyed\u00e9n illeszthet\u0151 a h\u00e1zhoz, teraszhoz vagy kerthez.<\/p>\n<p>A FERROBOX <strong>teljesen konfigur\u00e1lhat\u00f3<\/strong> \u2013 m\u00e9retei pontosan az \u00d6n ter\u00e9hez igaz\u00edthat\u00f3k. Ide\u00e1lis megold\u00e1s szersz\u00e1mok, kerti kieg\u00e9sz\u00edt\u0151k vagy technika t\u00e1rol\u00e1s\u00e1ra, mik\u00f6zben diz\u00e1jnelemk\u00e9nt is funkcion\u00e1l, n\u00f6velve k\u00fclt\u00e9ri ter\u00e9nek \u00e9rt\u00e9k\u00e9t.<\/p>\n","protected":false},"featured_media":8928,"template":"","meta":[],"product_brand":[],"product_cat":[61],"product_tag":[104,82,105],"class_list":{"0":"post-8925","1":"product","2":"type-product","3":"status-publish","4":"has-post-thumbnail","6":"product_cat-kerti-hazak","7":"product_tag-kertes-haz","8":"product_tag-kerti-dobozok","9":"product_tag-kerti-muhely","11":"first","12":"instock","13":"taxable","14":"shipping-taxable","15":"purchasable","16":"product-type-simple"},"_links":{"self":[{"href":"https:\/\/www.steelzone.eu\/hu\/wp-json\/wp\/v2\/product\/8925","targetHints":{"allow":["GET"]}}],"collection":[{"href":"https:\/\/www.steelzone.eu\/hu\/wp-json\/wp\/v2\/product"}],"about":[{"href":"https:\/\/www.steelzone.eu\/hu\/wp-json\/wp\/v2\/types\/product"}],"version-history":[{"count":3,"href":"https:\/\/www.steelzone.eu\/hu\/wp-json\/wp\/v2\/product\/8925\/revisions"}],"predecessor-version":[{"id":9227,"href":"https:\/\/www.steelzone.eu\/hu\/wp-json\/wp\/v2\/product\/8925\/revisions\/9227"}],"wp:featuredmedia":[{"embeddable":true,"href":"https:\/\/www.steelzone.eu\/hu\/wp-json\/wp\/v2\/media\/8928"}],"wp:attachment":[{"href":"https:\/\/www.steelzone.eu\/hu\/wp-json\/wp\/v2\/media?parent=8925"}],"wp:term":[{"taxonomy":"product_brand","embeddable":true,"href":"https:\/\/www.steelzone.eu\/hu\/wp-json\/wp\/v2\/product_brand?post=8925"},{"taxonomy":"product_cat","embeddable":true,"href":"https:\/\/www.steelzone.eu\/hu\/wp-json\/wp\/v2\/product_cat?post=8925"},{"taxonomy":"product_tag","embeddable":true,"href":"https:\/\/www.steelzone.eu\/hu\/wp-json\/wp\/v2\/product_tag?post=8925"}],"curies":[{"name":"wp","href":"https:\/\/api.w.org\/{rel}","templated":true}]}}