{"id":8356,"date":"2025-11-09T21:24:46","date_gmt":"2025-11-09T20:24:46","guid":{"rendered":"https:\/\/www.steelzone.eu\/produkt\/galambhaz-es-csirkeol-domani\/"},"modified":"2025-11-09T21:24:46","modified_gmt":"2025-11-09T20:24:46","slug":"galambhaz-es-csirkeol-domani","status":"publish","type":"product","link":"https:\/\/www.steelzone.eu\/hu\/produkt\/galambhaz-es-csirkeol-domani\/","title":{"rendered":"Galambh\u00e1z \u00e9s csirke\u00f3l Domani"},"content":{"rendered":"<p>A Domani egy modern ty\u00fak\u00f3l \u00e9s galambd\u00fac, amelyet \u00fagy terveztek, hogy ide\u00e1lis felt\u00e9teleket biztos\u00edtson csirk\u00e9k, galambok \u00e9s m\u00e1s apr\u00f3 baromfiak nevel\u00e9s\u00e9hez. Ez a ty\u00fak\u00f3l\/galamb\u00f3l t\u00f6m\u00f6r horganyzott ac\u00e9lprofilokb\u00f3l k\u00e9sz\u00fclt, amelyek hossz\u00fa \u00e9lettartamot \u00e9s korr\u00f3zi\u00f3\u00e1ll\u00f3s\u00e1got garant\u00e1lnak, m\u00e9g eg\u00e9sz \u00e9ves k\u00fclt\u00e9ri haszn\u00e1lat eset\u00e9n is. A fal\u00e9c burkolat term\u00e9szetes \u00e9s eleg\u00e1ns megjelen\u00e9st k\u00f6lcs\u00f6n\u00f6z az eg\u00e9sznek, \u00edgy ez a galambd\u00fac\/ty\u00fak\u00f3l alkalmas kertbe, udvarra vagy mez\u0151gazdas\u00e1gi ter\u00fcletre. A porsz\u00f3rt el\u00fcls\u0151 elemek (fekete vagy grafit) hangs\u00falyozz\u00e1k a modern diz\u00e1jnt, mik\u00f6zben v\u00e9dik a fel\u00fcletet a s\u00e9r\u00fcl\u00e9sekt\u0151l.<\/p>\n<p>Fontos r\u00e9sze a j\u00f3l \u00e1tgondolt szell\u0151z\u0151rendszer fel\u00fcl \u00e9s alul, amely biztos\u00edtja az eg\u00e9szs\u00e9ges l\u00e9g\u00e1raml\u00e1st bel\u00fcl. A szell\u0151z\u0151ny\u00edl\u00e1sok m\u00e9rete a teny\u00e9szt\u00e9si m\u00f3dszernek megfelel\u0151en egy\u00e9nileg \u00e1ll\u00edthat\u00f3. A tart\u00f3s, t\u00f6m\u00f6r polikarbon\u00e1t ablak term\u00e9szetes f\u00e9nyt enged be, ami n\u00f6veli az \u00e1llatok k\u00e9nyelm\u00e9t \u00e9s jav\u00edtja \u00e9letk\u00f6r\u00fclm\u00e9nyeiket.<\/p>\n<p>Ez a Domani ty\u00fak\u00f3l \u00e9s galambd\u00fac \u00f6tv\u00f6zi a min\u0151s\u00e9gi anyagokat, a modern megjelen\u00e9st \u00e9s a praktikus megold\u00e1sokat, stabil, biztons\u00e1gos \u00e9s k\u00e9nyelmes k\u00f6rnyezetet biztos\u00edtva mind a csirke-, mind a galambteny\u00e9szt\u00e9s sz\u00e1m\u00e1ra. Ez egy megb\u00edzhat\u00f3 galambd\u00fac\/ty\u00fak\u00f3l, ami nemcsak j\u00f3l n\u00e9z ki, de sok\u00e1ig tart \u00e9s k\u00f6nnyen karbantarthat\u00f3.<\/p>\n<p><strong>Hasznos inform\u00e1ci\u00f3k:<\/strong><\/p>\n<ul>\n<li>k\u00fcl\u00f6nf\u00e9le szigetel\u0151anyagokkal szigetelheted magad<\/li>\n<li>A bels\u0151 t\u00e9r a teny\u00e9szt\u00e9s t\u00edpus\u00e1t\u00f3l f\u00fcgg\u0151en f\u00fcggetlen\u00fcl elrendezhet\u0151.<\/li>\n<li>A falak lucfeny\u0151b\u0151l k\u00e9sz\u00fcltek, k\u00e9t r\u00e9tegben, az \u00d6n \u00e1ltal v\u00e1lasztott sz\u00ednnel festve.<\/li>\n<li>kiv\u00e1l\u00f3 min\u0151s\u00e9g\u0171, t\u00f6m\u00f6r polikarbon\u00e1tb\u00f3l k\u00e9sz\u00fclt \u00fcveg<\/li>\n<li>eg\u00e9sz \u00e9ves haszn\u00e1lat<\/li>\n<\/ul>\n","protected":false},"excerpt":{"rendered":"<p>Modern Domani ty\u00fak\u00f3l \u00e9s galambd\u00fac csirk\u00e9k \u00e9s galambok teny\u00e9szt\u00e9s\u00e9re, tart\u00f3s horganyzott profilokb\u00f3l k\u00e9sz\u00fclt \u00e9s fa burkolattal kieg\u00e9sz\u00edtve. Eg\u00e9szs\u00e9ges szell\u0151z\u00e9st, term\u00e9szetes megvil\u00e1g\u00edt\u00e1st \u00e9s hossz\u00fa \u00e9lettartamot biztos\u00edt a k\u00e9nyelmes baromfiteny\u00e9szt\u00e9shez.<\/p>\n","protected":false},"featured_media":7823,"template":"","meta":[],"product_brand":[],"product_cat":[185],"product_tag":[],"class_list":{"0":"post-8356","1":"product","2":"type-product","3":"status-publish","4":"has-post-thumbnail","6":"product_cat-galambol-es-csirkeol","8":"first","9":"instock","10":"taxable","11":"shipping-taxable","12":"purchasable","13":"product-type-simple"},"_links":{"self":[{"href":"https:\/\/www.steelzone.eu\/hu\/wp-json\/wp\/v2\/product\/8356","targetHints":{"allow":["GET"]}}],"collection":[{"href":"https:\/\/www.steelzone.eu\/hu\/wp-json\/wp\/v2\/product"}],"about":[{"href":"https:\/\/www.steelzone.eu\/hu\/wp-json\/wp\/v2\/types\/product"}],"version-history":[{"count":0,"href":"https:\/\/www.steelzone.eu\/hu\/wp-json\/wp\/v2\/product\/8356\/revisions"}],"wp:featuredmedia":[{"embeddable":true,"href":"https:\/\/www.steelzone.eu\/hu\/wp-json\/wp\/v2\/media\/7823"}],"wp:attachment":[{"href":"https:\/\/www.steelzone.eu\/hu\/wp-json\/wp\/v2\/media?parent=8356"}],"wp:term":[{"taxonomy":"product_brand","embeddable":true,"href":"https:\/\/www.steelzone.eu\/hu\/wp-json\/wp\/v2\/product_brand?post=8356"},{"taxonomy":"product_cat","embeddable":true,"href":"https:\/\/www.steelzone.eu\/hu\/wp-json\/wp\/v2\/product_cat?post=8356"},{"taxonomy":"product_tag","embeddable":true,"href":"https:\/\/www.steelzone.eu\/hu\/wp-json\/wp\/v2\/product_tag?post=8356"}],"curies":[{"name":"wp","href":"https:\/\/api.w.org\/{rel}","templated":true}]}}