{"id":8353,"date":"2025-11-23T23:07:14","date_gmt":"2025-11-23T22:07:14","guid":{"rendered":"https:\/\/www.steelzone.eu\/produkt\/galambol-es-csirkeol-modera\/"},"modified":"2025-11-23T23:07:14","modified_gmt":"2025-11-23T22:07:14","slug":"galambol-es-csirkeol-modera","status":"publish","type":"product","link":"https:\/\/www.steelzone.eu\/hu\/produkt\/galambol-es-csirkeol-modera\/","title":{"rendered":"Galamb\u00f3l \u00e9s csirke\u00f3l Modera"},"content":{"rendered":"<article class=\"text-token-text-primary w-full focus:outline-none [--shadow-height:45px] has-data-writing-block:pointer-events-none has-data-writing-block:-mt-(--shadow-height) has-data-writing-block:pt-(--shadow-height) [&amp;:has([data-writing-block])&gt;*]:pointer-events-auto [content-visibility:auto] supports-[content-visibility:auto]:[contain-intrinsic-size:auto_100lvh] scroll-mt-[calc(var(--header-height)+min(200px,max(70px,20svh)))]\" dir=\"auto\" tabindex=\"-1\" data-turn-id=\"request-690bb262-8db0-8321-864f-d92d121ec00f-42\" data-testid=\"conversation-turn-44\" data-scroll-anchor=\"true\" data-turn=\"assistant\">\n<div class=\"text-base my-auto mx-auto pb-10 [--thread-content-margin:--spacing(4)] thread-sm:[--thread-content-margin:--spacing(6)] thread-lg:[--thread-content-margin:--spacing(16)] px-(--thread-content-margin)\">\n<div class=\"[--thread-content-max-width:40rem] thread-lg:[--thread-content-max-width:48rem] mx-auto max-w-(--thread-content-max-width) flex-1 group\/turn-messages focus-visible:outline-hidden relative flex w-full min-w-0 flex-col agent-turn\" tabindex=\"-1\">\n<div class=\"flex max-w-full flex-col grow\">\n<div class=\"min-h-8 text-message relative flex w-full flex-col items-end gap-2 text-start break-words whitespace-normal [.text-message+&amp;]:mt-1\" dir=\"auto\" data-message-author-role=\"assistant\" data-message-id=\"9aa39fb9-c404-4fae-b47c-78d8eb9ec5ff\" data-message-model-slug=\"gpt-5\">\n<div class=\"flex w-full flex-col gap-1 empty:hidden first:pt-[1px]\">\n<div class=\"markdown prose dark:prose-invert w-full break-words dark markdown-new-styling\">\n<p data-start=\"182\" data-end=\"412\"><strong data-start=\"182\" data-end=\"218\">A modern Modera ty\u00fak\u00f3l \u00e9s galambd\u00fac<\/strong> csirk\u00e9k \u00e9s galambok tart\u00e1s\u00e1ra, tart\u00f3s horganyzott profilokb\u00f3l k\u00e9sz\u00fclt \u00e9s fa burkolattal kieg\u00e9sz\u00edtve, eg\u00e9szs\u00e9ges szell\u0151z\u00e9st, term\u00e9szetes megvil\u00e1g\u00edt\u00e1st \u00e9s hossz\u00fa \u00e9lettartamot biztos\u00edt a k\u00e9nyelmes baromfiteny\u00e9szt\u00e9shez. <\/p>\n<p data-start=\"414\" data-end=\"1015\">A Modera egy modern ty\u00fak\u00f3l \u00e9s galambd\u00fac, amelyet \u00fagy terveztek, hogy ide\u00e1lis k\u00f6r\u00fclm\u00e9nyeket biztos\u00edtson csirk\u00e9k, galambok \u00e9s m\u00e1s kisebb baromfiak tart\u00e1s\u00e1hoz. Ez a ty\u00fak\u00f3l\/galambd\u00fac t\u00f6m\u00f6r horganyzott ac\u00e9lprofilokb\u00f3l k\u00e9sz\u00fclt, amelyek hossz\u00fa \u00e9lettartamot \u00e9s magas korr\u00f3zi\u00f3\u00e1ll\u00f3s\u00e1got garant\u00e1lnak, m\u00e9g eg\u00e9sz \u00e9ves k\u00fclt\u00e9ri haszn\u00e1lat eset\u00e9n is. Az \u00e1lmennyezeti deszk\u00e1kb\u00f3l k\u00e9sz\u00fclt fa burkolat term\u00e9szetes \u00e9s eleg\u00e1ns megjelen\u00e9st k\u00f6lcs\u00f6n\u00f6z a szerkezetnek, \u00edgy a Modera alkalmas kertbe, udvarra vagy mez\u0151gazdas\u00e1gi ter\u00fcletre. A porsz\u00f3rt el\u00fcls\u0151 elemek (fekete vagy grafit) kiemelik a modern diz\u00e1jnt \u00e9s v\u00e9dik a fel\u00fcletet a s\u00e9r\u00fcl\u00e9sekt\u0151l.   <\/p>\n<p data-start=\"1017\" data-end=\"1351\">Fontos r\u00e9sze a fels\u0151 \u00e9s als\u00f3 r\u00e9szen tal\u00e1lhat\u00f3 j\u00f3l \u00e1tgondolt szell\u0151z\u0151rendszer, amely biztos\u00edtja az eg\u00e9szs\u00e9ges l\u00e9g\u00e1raml\u00e1st bel\u00fcl. A szell\u0151z\u0151ny\u00edl\u00e1sok egyedileg \u00e1ll\u00edthat\u00f3k a tart\u00e1s t\u00edpus\u00e1nak megfelel\u0151en. A massz\u00edv polikarbon\u00e1tb\u00f3l k\u00e9sz\u00fclt, tart\u00f3s ablak term\u00e9szetes f\u00e9nyt enged be, ami n\u00f6veli az \u00e1llatok k\u00e9nyelm\u00e9t \u00e9s jav\u00edtja \u00e9letk\u00f6r\u00fclm\u00e9nyeiket.  <\/p>\n<p data-start=\"1353\" data-end=\"1649\">Ez a Modera ty\u00fak\u00f3l \u00e9s galambd\u00fac \u00f6tv\u00f6zi a min\u0151s\u00e9gi anyagokat, a modern megjelen\u00e9st \u00e9s a praktikus megold\u00e1sokat, stabil, biztons\u00e1gos \u00e9s k\u00e9nyelmes k\u00f6rnyezetet biztos\u00edtva mind a csirke-, mind a galambteny\u00e9szt\u00e9s sz\u00e1m\u00e1ra. Ez egy megb\u00edzhat\u00f3 galambd\u00fac\/csirke\u00f3l, amely nemcsak j\u00f3l n\u00e9z ki, de tart\u00f3s \u00e9s k\u00f6nnyen karbantarthat\u00f3 is. <\/p>\n<p data-start=\"1651\" data-end=\"1677\"><strong data-start=\"1651\" data-end=\"1675\">Hasznos inform\u00e1ci\u00f3k:<\/strong><\/p>\n<ul data-start=\"1678\" data-end=\"2129\" data-is-last-node=\"\" data-is-only-node=\"\">\n<li data-start=\"1678\" data-end=\"1712\">\n<p data-start=\"1680\" data-end=\"1712\">eg\u00e9sz \u00e9ves k\u00fclt\u00e9ri haszn\u00e1latra<\/p>\n<\/li>\n<li data-start=\"1713\" data-end=\"1763\">\n<p data-start=\"1715\" data-end=\"1763\">horganyzott ac\u00e9lprofilokb\u00f3l k\u00e9sz\u00fclt szerkezet<\/p>\n<\/li>\n<li data-start=\"1764\" data-end=\"1838\">\n<p data-start=\"1766\" data-end=\"1838\">\u00e1lmennyezeti deszk\u00e1kb\u00f3l k\u00e9sz\u00fclt fa burkolat, az \u00d6n \u00e1ltal v\u00e1lasztott sz\u00ednre festve<\/p>\n<\/li>\n<li data-start=\"1839\" data-end=\"1914\">\n<p data-start=\"1841\" data-end=\"1914\">el\u00fcls\u0151 \u00e9s l\u00e1that\u00f3 r\u00e9szek porfestett (fekete\/grafit)<\/p>\n<\/li>\n<li data-start=\"1915\" data-end=\"1979\">\n<p data-start=\"1917\" data-end=\"1979\">fels\u0151 \u00e9s als\u00f3 szell\u0151z\u0151rendszer \u00e1ll\u00edthat\u00f3 ny\u00edl\u00e1sokkal<\/p>\n<\/li>\n<li data-start=\"1980\" data-end=\"2070\">\n<p data-start=\"1982\" data-end=\"2070\">t\u00f6m\u00f6r polikarbon\u00e1t ablak \u2013 magas f\u00e9ny\u00e1tereszt\u0151 k\u00e9pess\u00e9g \u00e9s karc\u00e1ll\u00f3s\u00e1g<\/p>\n<\/li>\n<li data-start=\"2071\" data-end=\"2129\" data-is-last-node=\"\">\n<p data-start=\"2073\" data-end=\"2129\" data-is-last-node=\"\">csirk\u00e9k, galambok \u00e9s m\u00e1s apr\u00f3 baromfi tart\u00e1s\u00e1ra alkalmas<\/p>\n<\/li>\n<\/ul>\n<\/div>\n<\/div>\n<\/div>\n<\/div>\n<div class=\"z-0 flex min-h-[46px] justify-start\"><\/div>\n<div class=\"mt-3 w-full empty:hidden\">\n<div class=\"text-center\"><\/div>\n<\/div>\n<\/div>\n<\/div>\n<\/article>\n<div class=\"pointer-events-none h-px w-px\" aria-hidden=\"true\" data-edge=\"true\"><\/div>\n","protected":false},"excerpt":{"rendered":"<p>A modern Modera ty\u00fak\u00f3l \u00e9s galambd\u00fac csirk\u00e9k \u00e9s galambok tart\u00e1s\u00e1ra, tart\u00f3s horganyzott profilokb\u00f3l k\u00e9sz\u00fclt \u00e9s fa burkolattal kieg\u00e9sz\u00edtve, eg\u00e9szs\u00e9ges szell\u0151z\u00e9st, term\u00e9szetes megvil\u00e1g\u00edt\u00e1st \u00e9s hossz\u00fa \u00e9lettartamot biztos\u00edt a k\u00e9nyelmes baromfiteny\u00e9szt\u00e9shez. A Modera egy modern ty\u00fak\u00f3l \u00e9s galambd\u00fac, amelyet \u00fagy terveztek, hogy ide\u00e1lis k\u00f6r\u00fclm\u00e9nyeket biztos\u00edtson csirk\u00e9k, galambok \u00e9s m\u00e1s kisebb baromfiak tart\u00e1s\u00e1hoz. Ez a ty\u00fak\u00f3l\/galambd\u00fac t\u00f6m\u00f6r horganyzott [&hellip;]<\/p>\n","protected":false},"featured_media":8075,"template":"","meta":[],"product_brand":[],"product_cat":[185],"product_tag":[],"class_list":{"0":"post-8353","1":"product","2":"type-product","3":"status-publish","4":"has-post-thumbnail","6":"product_cat-galambol-es-csirkeol","8":"first","9":"instock","10":"taxable","11":"shipping-taxable","12":"purchasable","13":"product-type-simple"},"_links":{"self":[{"href":"https:\/\/www.steelzone.eu\/hu\/wp-json\/wp\/v2\/product\/8353","targetHints":{"allow":["GET"]}}],"collection":[{"href":"https:\/\/www.steelzone.eu\/hu\/wp-json\/wp\/v2\/product"}],"about":[{"href":"https:\/\/www.steelzone.eu\/hu\/wp-json\/wp\/v2\/types\/product"}],"version-history":[{"count":0,"href":"https:\/\/www.steelzone.eu\/hu\/wp-json\/wp\/v2\/product\/8353\/revisions"}],"wp:featuredmedia":[{"embeddable":true,"href":"https:\/\/www.steelzone.eu\/hu\/wp-json\/wp\/v2\/media\/8075"}],"wp:attachment":[{"href":"https:\/\/www.steelzone.eu\/hu\/wp-json\/wp\/v2\/media?parent=8353"}],"wp:term":[{"taxonomy":"product_brand","embeddable":true,"href":"https:\/\/www.steelzone.eu\/hu\/wp-json\/wp\/v2\/product_brand?post=8353"},{"taxonomy":"product_cat","embeddable":true,"href":"https:\/\/www.steelzone.eu\/hu\/wp-json\/wp\/v2\/product_cat?post=8353"},{"taxonomy":"product_tag","embeddable":true,"href":"https:\/\/www.steelzone.eu\/hu\/wp-json\/wp\/v2\/product_tag?post=8353"}],"curies":[{"name":"wp","href":"https:\/\/api.w.org\/{rel}","templated":true}]}}