{"id":7472,"date":"2024-12-28T20:16:27","date_gmt":"2024-12-28T19:16:27","guid":{"rendered":"https:\/\/www.steelzone.eu\/produkt\/menedek-ontozokannak-szamara-ecobox\/"},"modified":"2024-12-29T19:22:22","modified_gmt":"2024-12-29T18:22:22","slug":"menedek-ontozokannak-szamara-ecobox","status":"publish","type":"product","link":"https:\/\/www.steelzone.eu\/hu\/produkt\/menedek-ontozokannak-szamara-ecobox\/","title":{"rendered":"Mened\u00e9k \u00f6nt\u00f6z\u0151kann\u00e1k sz\u00e1m\u00e1ra Ecobox"},"content":{"rendered":"<p>Az &#8220;ECOBOX&#8221; \u00f6nt\u00f6z\u0151kann\u00e1k sz\u00e1m\u00e1ra kialak\u00edtott mened\u00e9k <strong>horganyzott profilokb\u00f3l<\/strong> k\u00e9sz\u00fcl, \u00e9s alap- vagy <strong>porfest\u00e9kkel<\/strong> van festve. Ezt a mened\u00e9ket \u00fagy tervezt\u00e9k, hogy kiv\u00e1l\u00f3 v\u00e9delmet ny\u00fajtson \u00f6nt\u00f6z\u0151kann\u00e1inak, kuk\u00e1inak vagy szemetesei sz\u00e1m\u00e1ra a kedvez\u0151tlen id\u0151j\u00e1r\u00e1si k\u00f6r\u00fclm\u00e9nyekkel szemben, mint p\u00e9ld\u00e1ul es\u0151, h\u00f3, sz\u00e9l vagy UV-sug\u00e1rz\u00e1s. Modern \u00e9s funkcion\u00e1lis kialak\u00edt\u00e1s\u00e1val ide\u00e1lis megold\u00e1ss\u00e1 v\u00e1lik minden kertbe, udvarba vagy k\u00fclt\u00e9ri helyre, ahol sz\u00fcks\u00e9g van a szemetes ed\u00e9nyek \u00e9s egy\u00e9b t\u00e1rgyak v\u00e9delm\u00e9re.<\/p>\n<p>Eleg\u00e1ns, <strong>2&#215;10 cm-es profilb\u00f3l<\/strong> k\u00e9sz\u00fclt fed\u0151lapja az eg\u00e9sz kancs\u00f3nak kifinomult \u00e9s letisztult megjelen\u00e9st k\u00f6lcs\u00f6n\u00f6z. Ez a speci\u00e1lisan kialak\u00edtott profil nemcsak a mened\u00e9k eszt\u00e9tik\u00e1j\u00e1t emeli ki, hanem biztos\u00edtja a tet\u0151 szil\u00e1rds\u00e1g\u00e1t \u00e9s stabilit\u00e1s\u00e1t is, ami d\u00f6nt\u0151 fontoss\u00e1g\u00fa a hossz\u00fa t\u00e1v\u00fa id\u0151j\u00e1r\u00e1s\u00e1ll\u00f3s\u00e1g szempontj\u00e1b\u00f3l. <strong>A kiv\u00e1l\u00f3 min\u0151s\u00e9g\u0171 anyag,<\/strong> amelyb\u0151l a mened\u00e9k k\u00e9sz\u00fclt, biztos\u00edtja, hogy m\u00e9g sok \u00e9ves haszn\u00e1lat ut\u00e1n is \u00fagy n\u00e9z ki, mint az \u00faj.<\/p>\n<p><strong>Az innovat\u00edv, g\u00e1zdugatty\u00fas tet\u0151nyit\u00e1si rendszer<\/strong> a term\u00e9k egyik f\u0151 m\u0171szaki fejleszt\u00e9se. <strong>A dugatty\u00fak<\/strong> lehet\u0151v\u00e9 teszik, hogy a mened\u00e9ktet\u0151 nyitott helyzetben maradjon an\u00e9lk\u00fcl, hogy tov\u00e1bbi tart\u00e1sra lenne sz\u00fcks\u00e9g, ami nagym\u00e9rt\u00e9kben leegyszer\u0171s\u00edti az \u00f3v\u00f3hely kezel\u00e9s\u00e9t. Ez a rendszer nem csak praktikus, de biztons\u00e1gos is, hiszen megakad\u00e1lyozza, hogy haszn\u00e1lat k\u00f6zben v\u00e9letlen\u00fcl becsuk\u00f3djon a tet\u0151.<\/p>\n<p><strong>Az \u00f6nt\u00f6z\u0151doboz mened\u00e9kh\u00e1ztet\u0151je<\/strong> <strong>l\u00e1nccal<\/strong> is fel van <strong>szerelve<\/strong> , amely lehet\u0151v\u00e9 teszi a szemetes ed\u00e9nyek automatikus nyit\u00e1s\u00e1t, amikor a tet\u0151 fel van emelve. Ez az egyszer\u0171, de hat\u00e9kony mechanizmus lehet\u0151v\u00e9 teszi a k\u00e9nyelmes hozz\u00e1f\u00e9r\u00e9st a szemetesekhez an\u00e9lk\u00fcl, hogy manu\u00e1lisan kellene kinyitni vagy mozgatni a mened\u00e9ket. A l\u00e1nc gondoskodik arr\u00f3l, hogy a fed\u00e9l nyitott helyzetben maradjon, \u00edgy k\u00f6nnyen behelyezhet\u0151 vagy elt\u00e1vol\u00edthat\u00f3 a hullad\u00e9ktart\u00e1lyok felesleges er\u0151fesz\u00edt\u00e9s n\u00e9lk\u00fcl. Ez a megold\u00e1s nagyon praktikus, k\u00fcl\u00f6n\u00f6sen akkor, ha a mened\u00e9kben t\u00f6bb szemetes vagy k\u00fcl\u00f6nb\u00f6z\u0151 t\u00e1rgy tal\u00e1lhat\u00f3.<\/p>\n<p>A mened\u00e9kh\u00e1zhoz val\u00f3 <strong>hozz\u00e1f\u00e9r\u00e9s<\/strong> <strong>foganty\u00fa n\u00e9lk\u00fcl<\/strong> t\u00f6rt\u00e9nik, ami azt jelenti, hogy az eg\u00e9sz kialak\u00edt\u00e1s m\u00e9g egyszer\u0171bb \u00e9s eleg\u00e1nsabb. A mened\u00e9k ajtaja <strong>er\u0151s m\u00e1gnesekkel<\/strong> z\u00e1rhat\u00f3, ami minimalista megjelen\u00e9st k\u00f6lcs\u00f6n\u00f6z a term\u00e9knek an\u00e9lk\u00fcl, hogy sz\u00fcks\u00e9gtelen foganty\u00fakra vagy sz\u00e1rnyakra lenne sz\u00fcks\u00e9ge. Ez a foganty\u00fa n\u00e9lk\u00fcli rendszer nem csak az eszt\u00e9tik\u00e1t jav\u00edtja, hanem n\u00f6veli a haszn\u00e1lat k\u00e9nyelm\u00e9t is, mert a m\u00e1gnesek lehet\u0151v\u00e9 teszik az ajt\u00f3 k\u00f6nny\u0171 \u00e9s hangtalan nyit\u00e1s\u00e1t \u00e9s z\u00e1r\u00e1s\u00e1t.<\/p>\n<p><strong>Mened\u00e9keinket<\/strong> \u00f6nt\u00f6z\u0151kann\u00e1k, szemetes ed\u00e9nyek vagy kuk\u00e1k sz\u00e1m\u00e1ra <strong>m\u00e9retre<\/strong> k\u00e9sz\u00edtj\u00fck, ami azt jelenti, hogy minden v\u00e1s\u00e1rl\u00f3 pontosan az ig\u00e9nyeinek \u00e9s ig\u00e9nyeinek megfelel\u0151en alak\u00edthatja a mened\u00e9ket. Ez a megk\u00f6zel\u00edt\u00e9s lehet\u0151v\u00e9 teszi olyan mened\u00e9kek k\u00e9sz\u00edt\u00e9s\u00e9t, amelyek b\u00e1rmilyen t\u00e9rbe t\u00f6k\u00e9letesen illeszkednek, legyen az kert, udvar vagy m\u00e1s szabadt\u00e9ri t\u00e9r. Az \u00fcgyfelek <strong>be\u00e1ll\u00edthatj\u00e1k<\/strong> <strong>a m\u00e9reteket<\/strong> , <strong>az anyagokat, mint a f\u00e9mlemez, fa vagy kompozit<\/strong> , valamint a fest\u00e9si m\u00f3dot &#8211; alapsz\u00edn vagy porfest\u00e9k, amely hossz\u00fa t\u00e1v\u00fa v\u00e9delmet biztos\u00edt az id\u0151j\u00e1r\u00e1s \u00e9s az UV sug\u00e1rz\u00e1s ellen.<\/p>\n<p>Az \u00f6nt\u00f6z\u0151kanna-fed\u0151 saj\u00e1t \u00edzl\u00e9se szerinti testreszabhat\u00f3s\u00e1ga ide\u00e1liss\u00e1 teszi ezt a term\u00e9ket mindazok sz\u00e1m\u00e1ra, akik olyan megold\u00e1st keresnek, amely nem csak praktikus, hanem eszt\u00e9tikus is. A f\u00e9mlemez v\u00e1ltozat azoknak val\u00f3, akik a modern \u00e9s tart\u00f3s, megfizethet\u0151 anyagokat r\u00e9szes\u00edtik el\u0151nyben. A fa term\u00e9szetes \u00e9s meleg megjelen\u00e9st k\u00f6lcs\u00f6n\u00f6z a mened\u00e9knek, amely alkalmas kertekbe vagy vid\u00e9ki ter\u00fcletekre. A kompozit anyagok viszont a tart\u00f3ss\u00e1g \u00e9s a modern megjelen\u00e9s kombin\u00e1ci\u00f3j\u00e1t biztos\u00edtj\u00e1k, amely minim\u00e1lis karbantart\u00e1st ig\u00e9nyel.<\/p>\n<p>\u00d6sszess\u00e9g\u00e9ben az ECOBOX locsol\u00f3kanna-mened\u00e9kek nagyszer\u0171 megold\u00e1st k\u00edn\u00e1lnak a szemetes ed\u00e9nyek, kuk\u00e1k \u00e9s egy\u00e9b k\u00fclt\u00e9ri t\u00e1rgyak v\u00e9delm\u00e9re. \u00dagy tervezt\u00e9k, hogy megfeleljenek a legmagasabb min\u0151s\u00e9gi k\u00f6vetelm\u00e9nyeknek, mik\u00f6zben modern kialak\u00edt\u00e1suk \u00e9s rugalmas konfigur\u00e1ci\u00f3juk biztos\u00edtja, hogy b\u00e1rmilyen k\u00f6rnyezethez alkalmazkodjanak. Ez az \u00f6nt\u00f6z\u0151doboz ide\u00e1lis kell\u00e9ke azoknak, akik praktikus, funkcion\u00e1lis \u00e9s eszt\u00e9tikus megold\u00e1st keresnek a hullad\u00e9kt\u00e1rol\u00f3k k\u00fclt\u00e9ri t\u00e1rol\u00e1s\u00e1ra.<\/p>\n","protected":false},"excerpt":{"rendered":"<p>Az &#8220;ECOBOX&#8221; \u00f6nt\u00f6z\u0151kann\u00e1k sz\u00e1m\u00e1ra kialak\u00edtott mened\u00e9k horganyzott profilokb\u00f3l k\u00e9sz\u00fcl, \u00e9s alap- vagy porfest\u00e9kkel van festve. Ezt a mened\u00e9ket \u00fagy tervezt\u00e9k, hogy kiv\u00e1l\u00f3 v\u00e9delmet ny\u00fajtson \u00f6nt\u00f6z\u0151kann\u00e1inak, kuk\u00e1inak vagy szemetesei sz\u00e1m\u00e1ra a kedvez\u0151tlen id\u0151j\u00e1r\u00e1si k\u00f6r\u00fclm\u00e9nyekkel szemben, mint p\u00e9ld\u00e1ul es\u0151, h\u00f3, sz\u00e9l vagy UV-sug\u00e1rz\u00e1s. Modern \u00e9s funkcion\u00e1lis kialak\u00edt\u00e1s\u00e1val ide\u00e1lis megold\u00e1ss\u00e1 v\u00e1lik minden kertbe, udvarba vagy k\u00fclt\u00e9ri helyre, ahol [&hellip;]<\/p>\n","protected":false},"featured_media":7453,"template":"","meta":[],"product_brand":[],"product_cat":[175],"product_tag":[],"class_list":{"0":"post-7472","1":"product","2":"type-product","3":"status-publish","4":"has-post-thumbnail","6":"product_cat-fedel-az-ontozokannak-szamara","8":"first","9":"instock","10":"taxable","11":"shipping-taxable","12":"purchasable","13":"product-type-simple"},"_links":{"self":[{"href":"https:\/\/www.steelzone.eu\/hu\/wp-json\/wp\/v2\/product\/7472","targetHints":{"allow":["GET"]}}],"collection":[{"href":"https:\/\/www.steelzone.eu\/hu\/wp-json\/wp\/v2\/product"}],"about":[{"href":"https:\/\/www.steelzone.eu\/hu\/wp-json\/wp\/v2\/types\/product"}],"version-history":[{"count":2,"href":"https:\/\/www.steelzone.eu\/hu\/wp-json\/wp\/v2\/product\/7472\/revisions"}],"predecessor-version":[{"id":7522,"href":"https:\/\/www.steelzone.eu\/hu\/wp-json\/wp\/v2\/product\/7472\/revisions\/7522"}],"wp:featuredmedia":[{"embeddable":true,"href":"https:\/\/www.steelzone.eu\/hu\/wp-json\/wp\/v2\/media\/7453"}],"wp:attachment":[{"href":"https:\/\/www.steelzone.eu\/hu\/wp-json\/wp\/v2\/media?parent=7472"}],"wp:term":[{"taxonomy":"product_brand","embeddable":true,"href":"https:\/\/www.steelzone.eu\/hu\/wp-json\/wp\/v2\/product_brand?post=7472"},{"taxonomy":"product_cat","embeddable":true,"href":"https:\/\/www.steelzone.eu\/hu\/wp-json\/wp\/v2\/product_cat?post=7472"},{"taxonomy":"product_tag","embeddable":true,"href":"https:\/\/www.steelzone.eu\/hu\/wp-json\/wp\/v2\/product_tag?post=7472"}],"curies":[{"name":"wp","href":"https:\/\/api.w.org\/{rel}","templated":true}]}}