{"id":5054,"date":"2024-02-20T22:38:23","date_gmt":"2024-02-20T21:38:23","guid":{"rendered":"https:\/\/www.steelzone.eu\/produkt\/kerti-pavilon-verdo\/"},"modified":"2024-10-17T00:06:02","modified_gmt":"2024-10-16T22:06:02","slug":"kerti-pavilon-verdo","status":"publish","type":"product","link":"https:\/\/www.steelzone.eu\/hu\/produkt\/kerti-pavilon-verdo\/","title":{"rendered":"Kerti pavilon VERDO"},"content":{"rendered":"","protected":false},"excerpt":{"rendered":"<p><strong>A VERDO kerti pavilon<\/strong> egy kiv\u00e9teles konstrukci\u00f3, amely elvar\u00e1zsolja a kerti pavilonok minden szerelmes\u00e9t. Modern megold\u00e1s\u00e1nak \u00e9s tart\u00f3s fel\u00e9p\u00edt\u00e9s\u00e9nek k\u00f6sz\u00f6nhet\u0151en a VERDO pavilon a kikapcsol\u00f3d\u00e1s o\u00e1zisa lesz az eg\u00e9sz csal\u00e1d sz\u00e1m\u00e1ra. A pavilon a modern elemeket a klasszikusokkal \u00f6tv\u00f6zi. Egyszer\u0171, de eleg\u00e1ns form\u00e1ja minden kertbe illik.<\/p>\n<p>A pavilon f\u00e9m tet\u0151vel rendelkezik, amely <strong>id\u0151j\u00e1r\u00e1s\u00e1ll\u00f3<\/strong> . Opcion\u00e1lisan skandin\u00e1v f\u00e1b\u00f3l faburkolattal bor\u00edtott f\u00e9mtet\u0151 is be\u00e9p\u00edthet\u0151, amely tov\u00e1bbi v\u00e9delmet ny\u00fajt a napsugarak ellen.<\/p>\n<p>A pavilon oldal- \u00e9s h\u00e1tfala <strong>tetsz\u00e9s szerint konfigur\u00e1lhat\u00f3<\/strong> . Lehetnek nyitottak vagy z\u00e1rtak.<\/p>\n<p><strong>K\u00e9sz\u00edtse el saj\u00e1t egy\u00e9ni pavilonj\u00e1t!<\/strong>  Konfigur\u00e1torunkban egyszer\u0171en konfigur\u00e1lhatja a pavilont k\u00edv\u00e1ns\u00e1ga szerint, mi pedig kisz\u00e1ll\u00edtjuk \u00d6nnek. A pavilon felszerel\u00e9se egyszer\u0171 \u00e9s gyors.<\/p>\n<p>N\u00e9zze meg, hogyan <a href=\"https:\/\/www.steelzone.eu\/hu\/hogyan-keszitsunk-alapot-egy-kerti-pavilonhoz\/\">k\u00e9sz\u00edthet alapot egy kerti pavilonhoz<\/a> .<\/p>\n<p><strong>Konfigur\u00e1ljon VERDO pavilont m\u00e9g ma, \u00e9s keltse \u00e9letre kertj\u00e9t!<\/strong><\/p>\n","protected":false},"featured_media":8472,"template":"","meta":[],"product_brand":[],"product_cat":[151],"product_tag":[],"class_list":{"0":"post-5054","1":"product","2":"type-product","3":"status-publish","4":"has-post-thumbnail","6":"product_cat-kerti-pavilonok","8":"first","9":"instock","10":"taxable","11":"shipping-taxable","12":"purchasable","13":"product-type-simple"},"_links":{"self":[{"href":"https:\/\/www.steelzone.eu\/hu\/wp-json\/wp\/v2\/product\/5054","targetHints":{"allow":["GET"]}}],"collection":[{"href":"https:\/\/www.steelzone.eu\/hu\/wp-json\/wp\/v2\/product"}],"about":[{"href":"https:\/\/www.steelzone.eu\/hu\/wp-json\/wp\/v2\/types\/product"}],"version-history":[{"count":2,"href":"https:\/\/www.steelzone.eu\/hu\/wp-json\/wp\/v2\/product\/5054\/revisions"}],"predecessor-version":[{"id":5098,"href":"https:\/\/www.steelzone.eu\/hu\/wp-json\/wp\/v2\/product\/5054\/revisions\/5098"}],"wp:featuredmedia":[{"embeddable":true,"href":"https:\/\/www.steelzone.eu\/hu\/wp-json\/wp\/v2\/media\/8472"}],"wp:attachment":[{"href":"https:\/\/www.steelzone.eu\/hu\/wp-json\/wp\/v2\/media?parent=5054"}],"wp:term":[{"taxonomy":"product_brand","embeddable":true,"href":"https:\/\/www.steelzone.eu\/hu\/wp-json\/wp\/v2\/product_brand?post=5054"},{"taxonomy":"product_cat","embeddable":true,"href":"https:\/\/www.steelzone.eu\/hu\/wp-json\/wp\/v2\/product_cat?post=5054"},{"taxonomy":"product_tag","embeddable":true,"href":"https:\/\/www.steelzone.eu\/hu\/wp-json\/wp\/v2\/product_tag?post=5054"}],"curies":[{"name":"wp","href":"https:\/\/api.w.org\/{rel}","templated":true}]}}