{"id":5044,"date":"2024-02-20T21:55:32","date_gmt":"2024-02-20T20:55:32","guid":{"rendered":"https:\/\/www.steelzone.eu\/produkt\/kerti-pavilon-serenita\/"},"modified":"2024-10-08T00:01:28","modified_gmt":"2024-10-07T22:01:28","slug":"kerti-pavilon-serenita","status":"publish","type":"product","link":"https:\/\/www.steelzone.eu\/hu\/produkt\/kerti-pavilon-serenita\/","title":{"rendered":"Kerti pavilon SERENITA"},"content":{"rendered":"","protected":false},"excerpt":{"rendered":"<p><strong>Olyan ultramodern pavilont keres a kertbe, amely senkinek sem hi\u00e1nyzik?<\/strong><\/p>\n<p><strong>A SERENITA<\/strong> kerti pavilon egyedi tervez\u00e9s\u0171 projekt, amely t\u00f6k\u00e9letesen illeszkedik b\u00e1rmely kertbe. A rendk\u00edv\u00fcli konstrukci\u00f3 \u00e9s a min\u0151s\u00e9gi anyagok hossz\u00fa \u00e9veken \u00e1t garant\u00e1lj\u00e1k a tart\u00f3ss\u00e1got \u00e9s a hihetetlen megb\u00edzhat\u00f3s\u00e1got.<\/p>\n<p>A tet\u0151 szabv\u00e1nyos f\u00e9mlemez vagy f\u00e1val bor\u00edtott f\u00e9mlemez, amely tov\u00e1bbi v\u00e9delmet ny\u00fajt a napsugarak ellen.<\/p>\n<p>A falak f\u00e9mlemezzel, \u00e9szakr\u00f3l term\u00e9szetes f\u00e1val vagy kompozit deszk\u00e1val vannak kit\u00f6ltve.<\/p>\n<p><strong>K\u00e9sz\u00edtse el saj\u00e1t egy\u00e9ni pavilonj\u00e1t!<\/strong>  Konfigur\u00e1torunkban egyszer\u0171en konfigur\u00e1lhatja a pavilont k\u00edv\u00e1ns\u00e1ga szerint, mi pedig kisz\u00e1ll\u00edtjuk \u00d6nnek. A pavilon felszerel\u00e9se egyszer\u0171 \u00e9s gyors.<\/p>\n<p>N\u00e9zze meg, hogyan <a href=\"https:\/\/www.steelzone.eu\/hu\/hogyan-keszitsunk-alapot-egy-kerti-pavilonhoz\/\">k\u00e9sz\u00edthet alapot egy kerti pavilonhoz<\/a> .<\/p>\n<p><strong>Konfigur\u00e1lja SERENITA Gazeboj\u00e1t m\u00e9g ma!<\/strong><\/p>\n","protected":false},"featured_media":8481,"template":"","meta":[],"product_brand":[],"product_cat":[151],"product_tag":[],"class_list":{"0":"post-5044","1":"product","2":"type-product","3":"status-publish","4":"has-post-thumbnail","6":"product_cat-kerti-pavilonok","8":"first","9":"instock","10":"taxable","11":"shipping-taxable","12":"purchasable","13":"product-type-simple"},"_links":{"self":[{"href":"https:\/\/www.steelzone.eu\/hu\/wp-json\/wp\/v2\/product\/5044","targetHints":{"allow":["GET"]}}],"collection":[{"href":"https:\/\/www.steelzone.eu\/hu\/wp-json\/wp\/v2\/product"}],"about":[{"href":"https:\/\/www.steelzone.eu\/hu\/wp-json\/wp\/v2\/types\/product"}],"version-history":[{"count":2,"href":"https:\/\/www.steelzone.eu\/hu\/wp-json\/wp\/v2\/product\/5044\/revisions"}],"predecessor-version":[{"id":5086,"href":"https:\/\/www.steelzone.eu\/hu\/wp-json\/wp\/v2\/product\/5044\/revisions\/5086"}],"wp:featuredmedia":[{"embeddable":true,"href":"https:\/\/www.steelzone.eu\/hu\/wp-json\/wp\/v2\/media\/8481"}],"wp:attachment":[{"href":"https:\/\/www.steelzone.eu\/hu\/wp-json\/wp\/v2\/media?parent=5044"}],"wp:term":[{"taxonomy":"product_brand","embeddable":true,"href":"https:\/\/www.steelzone.eu\/hu\/wp-json\/wp\/v2\/product_brand?post=5044"},{"taxonomy":"product_cat","embeddable":true,"href":"https:\/\/www.steelzone.eu\/hu\/wp-json\/wp\/v2\/product_cat?post=5044"},{"taxonomy":"product_tag","embeddable":true,"href":"https:\/\/www.steelzone.eu\/hu\/wp-json\/wp\/v2\/product_tag?post=5044"}],"curies":[{"name":"wp","href":"https:\/\/api.w.org\/{rel}","templated":true}]}}