{"id":5031,"date":"2024-02-20T21:24:59","date_gmt":"2024-02-20T20:24:59","guid":{"rendered":"https:\/\/www.steelzone.eu\/produkt\/kerti-pavilon-flora\/"},"modified":"2024-10-08T00:01:02","modified_gmt":"2024-10-07T22:01:02","slug":"kerti-pavilon-flora","status":"publish","type":"product","link":"https:\/\/www.steelzone.eu\/hu\/produkt\/kerti-pavilon-flora\/","title":{"rendered":"Kerti pavilon FLORA"},"content":{"rendered":"","protected":false},"excerpt":{"rendered":"<p><strong>A FLORA kerti pavilon<\/strong> a modern \u00e9s eleg\u00e1ns kerti pihen\u0151hely szinonim\u00e1ja. Minimalista kialak\u00edt\u00e1sa t\u00f6k\u00e9letes kontrasztot k\u00edn\u00e1l b\u00e1rmilyen k\u00f6rnyezetben. Az <strong>egy\u00e9ni konfigur\u00e1ci\u00f3<\/strong> lehet\u0151s\u00e9geivel k\u00f6nnyed\u00e9n kialak\u00edthatja \u00e1lmai pihen\u0151hely\u00e9t.<\/p>\n<p>A tet\u0151 szabv\u00e1nyos f\u00e9mlemez, vagy skandin\u00e1v st\u00edlusban faburkolat\u00fa f\u00e9mlemez, amely tov\u00e1bbi v\u00e9delmet ny\u00fajt a napsugarak ellen.<\/p>\n<p>A falak f\u00e9mlemezzel, t\u00f6m\u00f6rf\u00e1val vagy kompozit lappal vannak kit\u00f6ltve. Az oldal- \u00e9s h\u00e1ts\u00f3 falak konfigur\u00e1ci\u00f3ja az \u00d6n preferenci\u00e1i szerint.<\/p>\n<p><strong>K\u00e9sz\u00edtse el saj\u00e1t egy\u00e9ni pavilonj\u00e1t!<\/strong>  Konfigur\u00e1torunkban egyszer\u0171en konfigur\u00e1lhatja a pavilont k\u00edv\u00e1ns\u00e1ga szerint, mi pedig kisz\u00e1ll\u00edtjuk \u00d6nnek. A pavilon felszerel\u00e9se egyszer\u0171 \u00e9s gyors.<\/p>\n<p>N\u00e9zze meg, hogyan <a href=\"https:\/\/www.steelzone.eu\/hu\/hogyan-keszitsunk-alapot-egy-kerti-pavilonhoz\/\">k\u00e9sz\u00edthet alapot egy kerti pavilonhoz<\/a> .<\/p>\n<p>&nbsp;<\/p>\n<div class=\"w-full text-token-text-primary sm:AIPRM__conversation__response\" data-testid=\"conversation-turn-9\">\n<div class=\"px-4 py-2 justify-center text-base md:gap-6 m-auto\">\n<div class=\"flex flex-1 text-base mx-auto gap-3 md:px-5 lg:px-1 xl:px-5 md:max-w-3xl lg:max-w-[40rem] xl:max-w-[48rem] group\">\n<div class=\"relative flex w-full flex-col agent-turn\">\n<div class=\"flex-col gap-1 md:gap-3\">\n<div class=\"flex flex-grow flex-col max-w-full\">\n<div class=\"min-h-[20px] text-message flex flex-col items-start gap-3 whitespace-pre-wrap break-words [.text-message+&amp;]:mt-5 overflow-x-auto\" data-message-author-role=\"assistant\" data-message-id=\"c31f1256-a2e2-4d15-9858-0e7b64a3c21f\">\n<div class=\"markdown prose w-full break-words dark:prose-invert dark AIPRM__conversation__response\">\n<p><strong>Rendelje meg a FLORA pavilont m\u00e9g ma, \u00e9s \u00e9lvezze kertje sz\u00e9ps\u00e9g\u00e9t \u00e9s funkcionalit\u00e1s\u00e1t!<\/strong><\/p>\n<\/div>\n<\/div>\n<\/div>\n<\/div>\n<\/div>\n<\/div>\n<\/div>\n<\/div>\n","protected":false},"featured_media":8484,"template":"","meta":[],"product_brand":[],"product_cat":[151],"product_tag":[],"class_list":{"0":"post-5031","1":"product","2":"type-product","3":"status-publish","4":"has-post-thumbnail","6":"product_cat-kerti-pavilonok","8":"first","9":"instock","10":"taxable","11":"shipping-taxable","12":"purchasable","13":"product-type-simple"},"_links":{"self":[{"href":"https:\/\/www.steelzone.eu\/hu\/wp-json\/wp\/v2\/product\/5031","targetHints":{"allow":["GET"]}}],"collection":[{"href":"https:\/\/www.steelzone.eu\/hu\/wp-json\/wp\/v2\/product"}],"about":[{"href":"https:\/\/www.steelzone.eu\/hu\/wp-json\/wp\/v2\/types\/product"}],"version-history":[{"count":2,"href":"https:\/\/www.steelzone.eu\/hu\/wp-json\/wp\/v2\/product\/5031\/revisions"}],"predecessor-version":[{"id":5081,"href":"https:\/\/www.steelzone.eu\/hu\/wp-json\/wp\/v2\/product\/5031\/revisions\/5081"}],"wp:featuredmedia":[{"embeddable":true,"href":"https:\/\/www.steelzone.eu\/hu\/wp-json\/wp\/v2\/media\/8484"}],"wp:attachment":[{"href":"https:\/\/www.steelzone.eu\/hu\/wp-json\/wp\/v2\/media?parent=5031"}],"wp:term":[{"taxonomy":"product_brand","embeddable":true,"href":"https:\/\/www.steelzone.eu\/hu\/wp-json\/wp\/v2\/product_brand?post=5031"},{"taxonomy":"product_cat","embeddable":true,"href":"https:\/\/www.steelzone.eu\/hu\/wp-json\/wp\/v2\/product_cat?post=5031"},{"taxonomy":"product_tag","embeddable":true,"href":"https:\/\/www.steelzone.eu\/hu\/wp-json\/wp\/v2\/product_tag?post=5031"}],"curies":[{"name":"wp","href":"https:\/\/api.w.org\/{rel}","templated":true}]}}