{"id":5028,"date":"2024-02-16T21:04:29","date_gmt":"2024-02-16T20:04:29","guid":{"rendered":"https:\/\/www.steelzone.eu\/produkt\/kerti-pavilon-eleganza\/"},"modified":"2024-10-08T00:00:19","modified_gmt":"2024-10-07T22:00:19","slug":"kerti-pavilon-eleganza","status":"publish","type":"product","link":"https:\/\/www.steelzone.eu\/hu\/produkt\/kerti-pavilon-eleganza\/","title":{"rendered":"Kerti pavilon ELEGANZA"},"content":{"rendered":"","protected":false},"excerpt":{"rendered":"<p>Egyed\u00fcl\u00e1ll\u00f3 kerti pavilont keres, amely eleganci\u00e1t \u00e9s st\u00edlust k\u00f6lcs\u00f6n\u00f6z kertj\u00e9nek? <strong>Az ELEGANZA pavilon<\/strong> ide\u00e1lis megold\u00e1s az \u00d6n sz\u00e1m\u00e1ra!<\/p>\n<p>Az ELEGANZA pavilon kiv\u00e1l\u00f3 min\u0151s\u00e9g\u0171 anyagokb\u00f3l k\u00e9sz\u00fclt, amelyek hossz\u00fa \u00e9vekig biztos\u00edtj\u00e1k a tart\u00f3ss\u00e1g\u00e1t. Ide\u00e1lis hely a pihen\u00e9sre, kikapcsol\u00f3d\u00e1sra a kertben. <strong>Kiv\u00e9teles diz\u00e1jnj\u00e1nak \u00e9s sokf\u00e9le m\u00f3dos\u00edt\u00e1snak<\/strong> k\u00f6sz\u00f6nhet\u0151en az ELEGANZA pavilon nagyszer\u0171 d\u00edsze lesz kertj\u00e9nek.<\/p>\n<p>A tet\u0151 szabv\u00e1nyos f\u00e9mlemez, vagy skandin\u00e1v st\u00edlusban faburkolat\u00fa f\u00e9mlemez, amely tov\u00e1bbi v\u00e9delmet ny\u00fajt a napsugarak ellen.<\/p>\n<p>A falak f\u00e9mlemezzel, t\u00f6m\u00f6rf\u00e1val vagy kompozit lappal vannak kit\u00f6ltve.<\/p>\n<p><strong>K\u00e9sz\u00edtse el saj\u00e1t egy\u00e9ni pavilonj\u00e1t!<\/strong>  Konfigur\u00e1torunkban egyszer\u0171en konfigur\u00e1lhatja a pavilont k\u00edv\u00e1ns\u00e1ga szerint, mi pedig kisz\u00e1ll\u00edtjuk \u00d6nnek. A pavilon felszerel\u00e9se egyszer\u0171 \u00e9s gyors.<\/p>\n<p>N\u00e9zze meg, hogyan <a href=\"https:\/\/www.steelzone.eu\/hu\/hogyan-keszitsunk-alapot-egy-kerti-pavilonhoz\/\">k\u00e9sz\u00edthet alapot egy kerti pavilonhoz<\/a> .<\/p>\n<p><strong>Konfigur\u00e1lja ELEGANZA pavilonj\u00e1t m\u00e9g ma!<\/strong><\/p>\n","protected":false},"featured_media":8490,"template":"","meta":[],"product_brand":[],"product_cat":[151],"product_tag":[],"class_list":{"0":"post-5028","1":"product","2":"type-product","3":"status-publish","4":"has-post-thumbnail","6":"product_cat-kerti-pavilonok","8":"first","9":"instock","10":"taxable","11":"shipping-taxable","12":"purchasable","13":"product-type-simple"},"_links":{"self":[{"href":"https:\/\/www.steelzone.eu\/hu\/wp-json\/wp\/v2\/product\/5028","targetHints":{"allow":["GET"]}}],"collection":[{"href":"https:\/\/www.steelzone.eu\/hu\/wp-json\/wp\/v2\/product"}],"about":[{"href":"https:\/\/www.steelzone.eu\/hu\/wp-json\/wp\/v2\/types\/product"}],"version-history":[{"count":2,"href":"https:\/\/www.steelzone.eu\/hu\/wp-json\/wp\/v2\/product\/5028\/revisions"}],"predecessor-version":[{"id":5073,"href":"https:\/\/www.steelzone.eu\/hu\/wp-json\/wp\/v2\/product\/5028\/revisions\/5073"}],"wp:featuredmedia":[{"embeddable":true,"href":"https:\/\/www.steelzone.eu\/hu\/wp-json\/wp\/v2\/media\/8490"}],"wp:attachment":[{"href":"https:\/\/www.steelzone.eu\/hu\/wp-json\/wp\/v2\/media?parent=5028"}],"wp:term":[{"taxonomy":"product_brand","embeddable":true,"href":"https:\/\/www.steelzone.eu\/hu\/wp-json\/wp\/v2\/product_brand?post=5028"},{"taxonomy":"product_cat","embeddable":true,"href":"https:\/\/www.steelzone.eu\/hu\/wp-json\/wp\/v2\/product_cat?post=5028"},{"taxonomy":"product_tag","embeddable":true,"href":"https:\/\/www.steelzone.eu\/hu\/wp-json\/wp\/v2\/product_tag?post=5028"}],"curies":[{"name":"wp","href":"https:\/\/api.w.org\/{rel}","templated":true}]}}