{"id":2644,"date":"2023-10-24T01:03:44","date_gmt":"2023-10-23T23:03:44","guid":{"rendered":"https:\/\/www.steelzone.eu\/?post_type=product&#038;p=2644"},"modified":"2024-09-29T22:51:39","modified_gmt":"2024-09-29T20:51:39","slug":"kertes-haz-canto","status":"publish","type":"product","link":"https:\/\/www.steelzone.eu\/hu\/produkt\/kertes-haz-canto\/","title":{"rendered":"Canto kertes h\u00e1z"},"content":{"rendered":"","protected":false},"excerpt":{"rendered":"<p>\u00dcdv\u00f6z\u00f6lj\u00fck <strong>kertes h\u00e1zaink<\/strong> exkluz\u00edv vil\u00e1g\u00e1ban \u2013 bemutatjuk a <strong>Canto<\/strong> modellt! Ez az innovat\u00edv \u00e9s st\u00edlusos kerti doboz <strong>pr\u00e9mium anyagokb\u00f3l<\/strong> k\u00e9sz\u00fclt, \u00e9s az \u00d6n ig\u00e9nyei szerint <strong>k\u00fcl\u00f6nb\u00f6z\u0151 sz\u00ednekben<\/strong> kaphat\u00f3. <strong>Testreszabhatja<\/strong> pontosan ig\u00e9nyei szerint \u2013 lehet kerti f\u00e9szer, t\u00e1rol\u00f3hely vagy m\u0171hely. Az alap <strong>egy t\u00f6m\u00f6r<\/strong> f\u00e9mprofil <strong>lakkozott<\/strong> fel\u00fclettel, amely biztos\u00edtja kerti h\u00e1z\u00e1nak <strong>tart\u00f3ss\u00e1g\u00e1t<\/strong> \u00e9s <strong>hossz\u00fa \u00e9lettartam\u00e1t<\/strong> . Kifinomult, CNC technol\u00f3gi\u00e1val v\u00e1gott f\u00e9mmint\u00e1ja egyedi st\u00edlust \u00e9s egyedis\u00e9get k\u00f6lcs\u00f6n\u00f6z. Haszn\u00e1lja kerti szersz\u00e1mok t\u00e1rol\u00e1s\u00e1ra vagy eleg\u00e1ns kerti dobozk\u00e9nt a h\u00e9tk\u00f6znapi dolgokhoz. A Canto kerti h\u00e1z elegancia a diz\u00e1jn \u00e9s a funkcionalit\u00e1s \u00f6tv\u00f6z\u00e9s\u00e9vel. Rendeljen m\u00e9g ma, \u00e9s tegye m\u00e9g szebb\u00e9 udvar\u00e1t!<\/p>\n","protected":false},"featured_media":8906,"template":"","meta":[],"product_brand":[],"product_cat":[61],"product_tag":[104,82,105],"class_list":{"0":"post-2644","1":"product","2":"type-product","3":"status-publish","4":"has-post-thumbnail","6":"product_cat-kerti-hazak","7":"product_tag-kertes-haz","8":"product_tag-kerti-dobozok","9":"product_tag-kerti-muhely","11":"first","12":"instock","13":"taxable","14":"shipping-taxable","15":"purchasable","16":"product-type-simple"},"_links":{"self":[{"href":"https:\/\/www.steelzone.eu\/hu\/wp-json\/wp\/v2\/product\/2644","targetHints":{"allow":["GET"]}}],"collection":[{"href":"https:\/\/www.steelzone.eu\/hu\/wp-json\/wp\/v2\/product"}],"about":[{"href":"https:\/\/www.steelzone.eu\/hu\/wp-json\/wp\/v2\/types\/product"}],"version-history":[{"count":2,"href":"https:\/\/www.steelzone.eu\/hu\/wp-json\/wp\/v2\/product\/2644\/revisions"}],"predecessor-version":[{"id":6263,"href":"https:\/\/www.steelzone.eu\/hu\/wp-json\/wp\/v2\/product\/2644\/revisions\/6263"}],"wp:featuredmedia":[{"embeddable":true,"href":"https:\/\/www.steelzone.eu\/hu\/wp-json\/wp\/v2\/media\/8906"}],"wp:attachment":[{"href":"https:\/\/www.steelzone.eu\/hu\/wp-json\/wp\/v2\/media?parent=2644"}],"wp:term":[{"taxonomy":"product_brand","embeddable":true,"href":"https:\/\/www.steelzone.eu\/hu\/wp-json\/wp\/v2\/product_brand?post=2644"},{"taxonomy":"product_cat","embeddable":true,"href":"https:\/\/www.steelzone.eu\/hu\/wp-json\/wp\/v2\/product_cat?post=2644"},{"taxonomy":"product_tag","embeddable":true,"href":"https:\/\/www.steelzone.eu\/hu\/wp-json\/wp\/v2\/product_tag?post=2644"}],"curies":[{"name":"wp","href":"https:\/\/api.w.org\/{rel}","templated":true}]}}