{"id":2370,"date":"2023-10-23T00:23:27","date_gmt":"2023-10-22T22:23:27","guid":{"rendered":"https:\/\/www.steelzone.eu\/?post_type=product&#038;p=2370"},"modified":"2024-02-15T02:18:22","modified_gmt":"2024-02-15T01:18:22","slug":"kertes-haz-venturo","status":"publish","type":"product","link":"https:\/\/www.steelzone.eu\/hu\/produkt\/kertes-haz-venturo\/","title":{"rendered":"Venturo kertes h\u00e1z"},"content":{"rendered":"","protected":false},"excerpt":{"rendered":"<p>\u00dcdv\u00f6z\u00f6lj\u00fck a kerti h\u00e1zak j\u00f6v\u0151j\u00e9ben <strong>Venturo<\/strong> modell\u00fcnkkel! Ez a modern \u00e9s praktikus <strong>kerti doboz<\/strong> <strong>a legjobb min\u0151s\u00e9g\u0171<\/strong> anyagokb\u00f3l k\u00e9sz\u00fclt, \u00e9s t\u00f6bbf\u00e9le sz\u00ednben is el\u00e9rhet\u0151. <strong>\u00c1ll\u00edtsa be<\/strong> saj\u00e1t ig\u00e9nyeinek \u00e9s elk\u00e9pzel\u00e9seinek megfelel\u0151en, ak\u00e1r <strong>kerti h\u00e1zk\u00e9nt, t\u00e1rol\u00f3helyk\u00e9nt vagy m\u0171helyk\u00e9nt<\/strong> haszn\u00e1lja.<\/p>\n<p>Az alap egy lakkozott fel\u00fclet\u0171 <strong>t\u00f6m\u00f6r<\/strong> f\u00e9mprofil, amely garant\u00e1lja kerti h\u00e1z\u00e1nak tart\u00f3ss\u00e1g\u00e1t \u00e9s hossz\u00fa \u00e9lettartam\u00e1t. <strong>Eleg\u00e1ns, CNC technol\u00f3gi\u00e1val v\u00e1gott f\u00e9mmint\u00e1ja<\/strong> st\u00edlust \u00e9s egyedis\u00e9get k\u00f6lcs\u00f6n\u00f6z.<\/p>\n<p>T\u00e1rolja a szersz\u00e1mokat a kerti m\u0171helyben, vagy haszn\u00e1lja kerti dobozk\u00e9nt a k\u00f6z\u00f6s kerti t\u00e1rgyak t\u00e1rol\u00e1s\u00e1ra. Kezd\u0151dj\u00f6n kerti \u00e1lma a Venturo modellel \u2013 a st\u00edlus \u00e9s a funkcionalit\u00e1s t\u00f6k\u00e9letes kombin\u00e1ci\u00f3j\u00e1val. V\u00e1lasszon egy sz\u00ednt \u00edzl\u00e9se szerint, \u00e9s teremtsen ide\u00e1lis teret a pihen\u00e9s pillanataihoz. Rendeljen m\u00e9g ma, \u00e9s tegye m\u00e9g szebb\u00e9 udvar\u00e1t!<\/p>\n","protected":false},"featured_media":8921,"template":"","meta":[],"product_brand":[],"product_cat":[61],"product_tag":[104,82,105],"class_list":{"0":"post-2370","1":"product","2":"type-product","3":"status-publish","4":"has-post-thumbnail","6":"product_cat-kerti-hazak","7":"product_tag-kertes-haz","8":"product_tag-kerti-dobozok","9":"product_tag-kerti-muhely","11":"first","12":"instock","13":"taxable","14":"shipping-taxable","15":"purchasable","16":"product-type-simple"},"_links":{"self":[{"href":"https:\/\/www.steelzone.eu\/hu\/wp-json\/wp\/v2\/product\/2370","targetHints":{"allow":["GET"]}}],"collection":[{"href":"https:\/\/www.steelzone.eu\/hu\/wp-json\/wp\/v2\/product"}],"about":[{"href":"https:\/\/www.steelzone.eu\/hu\/wp-json\/wp\/v2\/types\/product"}],"version-history":[{"count":1,"href":"https:\/\/www.steelzone.eu\/hu\/wp-json\/wp\/v2\/product\/2370\/revisions"}],"predecessor-version":[{"id":2373,"href":"https:\/\/www.steelzone.eu\/hu\/wp-json\/wp\/v2\/product\/2370\/revisions\/2373"}],"wp:featuredmedia":[{"embeddable":true,"href":"https:\/\/www.steelzone.eu\/hu\/wp-json\/wp\/v2\/media\/8921"}],"wp:attachment":[{"href":"https:\/\/www.steelzone.eu\/hu\/wp-json\/wp\/v2\/media?parent=2370"}],"wp:term":[{"taxonomy":"product_brand","embeddable":true,"href":"https:\/\/www.steelzone.eu\/hu\/wp-json\/wp\/v2\/product_brand?post=2370"},{"taxonomy":"product_cat","embeddable":true,"href":"https:\/\/www.steelzone.eu\/hu\/wp-json\/wp\/v2\/product_cat?post=2370"},{"taxonomy":"product_tag","embeddable":true,"href":"https:\/\/www.steelzone.eu\/hu\/wp-json\/wp\/v2\/product_tag?post=2370"}],"curies":[{"name":"wp","href":"https:\/\/api.w.org\/{rel}","templated":true}]}}