{"id":2234,"date":"2023-10-22T16:06:23","date_gmt":"2023-10-22T14:06:23","guid":{"rendered":"https:\/\/www.steelzone.eu\/?post_type=product&#038;p=2234"},"modified":"2024-10-07T23:30:38","modified_gmt":"2024-10-07T21:30:38","slug":"toll-kutyanak-dh5","status":"publish","type":"product","link":"https:\/\/www.steelzone.eu\/hu\/produkt\/toll-kutyanak-dh5\/","title":{"rendered":"Kennel kuty\u00e1nak DH5"},"content":{"rendered":"","protected":false},"excerpt":{"rendered":"<p>Modern \u00e9s st\u00edlusos otthon a h\u00e1zi\u00e1llatnak! Ha egy k\u00e9nyelmes hellyel \u00e1lmodozik kuty\u00e1j\u00e1nak, amely nem csak k\u00e9nyelmes pihen\u0151helyet biztos\u00edt sz\u00e1m\u00e1ra, hanem a kertj\u00e9ben is remek\u00fcl mutat, a DH5 kennel t\u00f6k\u00e9letes v\u00e1laszt\u00e1s. A toll <strong>a legjobb min\u0151s\u00e9g\u0171 anyagokb\u00f3l<\/strong> k\u00e9sz\u00fclt <strong>, strapab\u00edr\u00f3 f\u00e9mprofillal<\/strong> kombin\u00e1lva, amely nemcsak a nagy tart\u00f3ss\u00e1got, hanem az eleg\u00e1ns megjelen\u00e9st is biztos\u00edtja. Az alapfelszerelts\u00e9gen k\u00edv\u00fcl, amely egy k\u00e9nyelmes bej\u00e1rat \u00e9s egy szil\u00e1rd z\u00e1r\u00f3rendszer, a DH5 toll tov\u00e1bbi opci\u00f3val is rendelkezik &#8211; <strong>forg\u00f3 t\u00e1lak<\/strong> (t\u00e1lak n\u00e9lk\u00fcl). Kuty\u00e1ja k\u00f6nnyen hozz\u00e1f\u00e9rhet a v\u00edzhez \u00e9s az \u00e9telhez, \u00d6n pedig teljes m\u00e9rt\u00e9kben \u00e9lvezheti a kar\u00e1m gy\u00f6ny\u00f6r\u0171 \u00e9s <strong>eleg\u00e1ns megjelen\u00e9s\u00e9t<\/strong>. Ha fontos a k\u00e9nyelem, a biztons\u00e1g \u00e9s az eszt\u00e9tika, a DH5 mad\u00e1rh\u00e1z ide\u00e1lis v\u00e1laszt\u00e1s kuty\u00e1ja sz\u00e1m\u00e1ra. Fogadjon a megb\u00edzhat\u00f3s\u00e1gra \u00e9s a st\u00edlusra \u2013 v\u00e1lassza DH5 j\u00e1r\u00f3k\u00e1nkat!&nbsp; <b>M\u0171szaki adatok:<\/b> A f\u00e9m r\u00e9szek rozsdamentes ac\u00e9lb\u00f3l k\u00e9sz\u00fclnek, fel\u00fcletkezel\u00e9ssel az id\u0151j\u00e1r\u00e1s viszontags\u00e1gaival szembeni jobb ellen\u00e1ll\u00e1s \u00e9rdek\u00e9ben. <em>A k\u00e9pek illusztr\u00e1ci\u00f3k, a term\u00e9k <b>nem tartalmazza<\/b> az ajt\u00f3z\u00e1rat, a t\u00e1lakat \u00e9s a kuty\u00e1t.<\/em><\/p>\n","protected":false},"featured_media":9435,"template":"","meta":[],"product_brand":[],"product_cat":[60],"product_tag":[83],"class_list":{"0":"post-2234","1":"product","2":"type-product","3":"status-publish","4":"has-post-thumbnail","6":"product_cat-kennelek-kutyaknak","7":"product_tag-tollak","9":"first","10":"instock","11":"taxable","12":"shipping-taxable","13":"purchasable","14":"product-type-simple"},"_links":{"self":[{"href":"https:\/\/www.steelzone.eu\/hu\/wp-json\/wp\/v2\/product\/2234","targetHints":{"allow":["GET"]}}],"collection":[{"href":"https:\/\/www.steelzone.eu\/hu\/wp-json\/wp\/v2\/product"}],"about":[{"href":"https:\/\/www.steelzone.eu\/hu\/wp-json\/wp\/v2\/types\/product"}],"version-history":[{"count":2,"href":"https:\/\/www.steelzone.eu\/hu\/wp-json\/wp\/v2\/product\/2234\/revisions"}],"predecessor-version":[{"id":6705,"href":"https:\/\/www.steelzone.eu\/hu\/wp-json\/wp\/v2\/product\/2234\/revisions\/6705"}],"wp:featuredmedia":[{"embeddable":true,"href":"https:\/\/www.steelzone.eu\/hu\/wp-json\/wp\/v2\/media\/9435"}],"wp:attachment":[{"href":"https:\/\/www.steelzone.eu\/hu\/wp-json\/wp\/v2\/media?parent=2234"}],"wp:term":[{"taxonomy":"product_brand","embeddable":true,"href":"https:\/\/www.steelzone.eu\/hu\/wp-json\/wp\/v2\/product_brand?post=2234"},{"taxonomy":"product_cat","embeddable":true,"href":"https:\/\/www.steelzone.eu\/hu\/wp-json\/wp\/v2\/product_cat?post=2234"},{"taxonomy":"product_tag","embeddable":true,"href":"https:\/\/www.steelzone.eu\/hu\/wp-json\/wp\/v2\/product_tag?post=2234"}],"curies":[{"name":"wp","href":"https:\/\/api.w.org\/{rel}","templated":true}]}}