{"id":1675,"date":"2023-05-21T00:04:08","date_gmt":"2023-05-20T22:04:08","guid":{"rendered":"https:\/\/www.steelzone.eu\/produkt\/kennel-kutyanak-dh2\/"},"modified":"2024-10-07T23:30:33","modified_gmt":"2024-10-07T21:30:33","slug":"kennel-kutyanak-dh2","status":"publish","type":"product","link":"https:\/\/www.steelzone.eu\/hu\/produkt\/kennel-kutyanak-dh2\/","title":{"rendered":"Kennel kuty\u00e1nak DH2"},"content":{"rendered":"","protected":false},"excerpt":{"rendered":"<p>Bemutatjuk \u00d6nnek modern \u00e9s st\u00edlusos kutyakennel\u00fcnket, a DH2 modellt, amely \u00f6tv\u00f6zi <strong>a legjobb min\u0151s\u00e9g\u0171 anyagok, p\u00e9ld\u00e1ul f\u00e9mlemez\/fa\/kompozit sz\u00e9ps\u00e9g\u00e9t a f\u00e9m tart\u00f3ss\u00e1g\u00e1val \u00e9s eleganci\u00e1j\u00e1val<\/strong> . A DH2 kutyatoll t\u00f6bb CNC l\u00e9zerv\u00e1gott <strong>el\u00fcls\u0151 falmint\u00e1val<\/strong> rendelkezik, amelyek lehet\u0151v\u00e9 teszik a toll testreszab\u00e1s\u00e1t, p\u00e9ld\u00e1ul a h\u00e1zi\u00e1llat <strong>nev\u00e9nek vagy c\u00edm\u00e9nek elhelyez\u00e9s\u00e9vel<\/strong>. A ketrec <strong>k\u00fcl\u00f6nb\u00f6z\u0151 m\u00e9retekben<\/strong> kaphat\u00f3, \u00edgy a kutya ig\u00e9nyeihez \u00e9s a helyhez igaz\u00edthatja. A DH2 kutyafuttat\u00f3 nemcsak praktikus \u00e9s funkcion\u00e1lis megold\u00e1s kuty\u00e1ja sz\u00e1m\u00e1ra, hanem <strong>eleg\u00e1ns eleme<\/strong> is a kertj\u00e9nek. Ezenk\u00edv\u00fcl a DH2 <strong>felszerelhet\u0151<\/strong> <strong>fapadl\u00f3val<\/strong> \u00e9s <strong>forgathat\u00f3 t\u00e1lakkal<\/strong> a kutya sz\u00e1m\u00e1ra, hogy k\u00e9nyelmes \u00e9s biztons\u00e1gos pihen\u0151helyet biztos\u00edtson sz\u00e1m\u00e1ra. A DH2 toll minden eleme a <strong>legmagasabb min\u0151s\u00e9g\u0171 anyagokb\u00f3l<\/strong> <strong>k\u00e9sz\u00fclt<\/strong>, ami garant\u00e1lja a kutya tart\u00f3ss\u00e1g\u00e1t \u00e9s biztons\u00e1g\u00e1t. Term\u00e9k\u00fcnk nem csak praktikus megold\u00e1s, hanem gy\u00f6ny\u00f6r\u0171 dekor\u00e1ci\u00f3s elem is, amely biztosan megsz\u00e9p\u00edti kertje minden szeglet\u00e9t.&nbsp; <b>M\u0171szaki adatok:<\/b> A f\u00e9m r\u00e9szek rozsdamentes ac\u00e9lb\u00f3l k\u00e9sz\u00fclnek, fel\u00fcletkezel\u00e9ssel az id\u0151j\u00e1r\u00e1s viszontags\u00e1gaival szembeni jobb ellen\u00e1ll\u00e1s \u00e9rdek\u00e9ben. <em>A k\u00e9pek illusztr\u00e1ci\u00f3k, a term\u00e9k <b>nem tartalmazza<\/b> az ajt\u00f3z\u00e1rat, a t\u00e1lakat \u00e9s a kuty\u00e1t.<\/em><\/p>\n","protected":false},"featured_media":9426,"template":"","meta":[],"product_brand":[],"product_cat":[60],"product_tag":[83],"class_list":{"0":"post-1675","1":"product","2":"type-product","3":"status-publish","4":"has-post-thumbnail","6":"product_cat-kennelek-kutyaknak","7":"product_tag-tollak","9":"first","10":"instock","11":"taxable","12":"shipping-taxable","13":"purchasable","14":"product-type-simple"},"_links":{"self":[{"href":"https:\/\/www.steelzone.eu\/hu\/wp-json\/wp\/v2\/product\/1675","targetHints":{"allow":["GET"]}}],"collection":[{"href":"https:\/\/www.steelzone.eu\/hu\/wp-json\/wp\/v2\/product"}],"about":[{"href":"https:\/\/www.steelzone.eu\/hu\/wp-json\/wp\/v2\/types\/product"}],"version-history":[{"count":4,"href":"https:\/\/www.steelzone.eu\/hu\/wp-json\/wp\/v2\/product\/1675\/revisions"}],"predecessor-version":[{"id":6700,"href":"https:\/\/www.steelzone.eu\/hu\/wp-json\/wp\/v2\/product\/1675\/revisions\/6700"}],"wp:featuredmedia":[{"embeddable":true,"href":"https:\/\/www.steelzone.eu\/hu\/wp-json\/wp\/v2\/media\/9426"}],"wp:attachment":[{"href":"https:\/\/www.steelzone.eu\/hu\/wp-json\/wp\/v2\/media?parent=1675"}],"wp:term":[{"taxonomy":"product_brand","embeddable":true,"href":"https:\/\/www.steelzone.eu\/hu\/wp-json\/wp\/v2\/product_brand?post=1675"},{"taxonomy":"product_cat","embeddable":true,"href":"https:\/\/www.steelzone.eu\/hu\/wp-json\/wp\/v2\/product_cat?post=1675"},{"taxonomy":"product_tag","embeddable":true,"href":"https:\/\/www.steelzone.eu\/hu\/wp-json\/wp\/v2\/product_tag?post=1675"}],"curies":[{"name":"wp","href":"https:\/\/api.w.org\/{rel}","templated":true}]}}