{"id":1657,"date":"2023-05-21T00:06:49","date_gmt":"2023-05-20T22:06:49","guid":{"rendered":"https:\/\/www.steelzone.eu\/produkt\/kennel-kutyanak-dh3\/"},"modified":"2024-10-07T23:30:33","modified_gmt":"2024-10-07T21:30:33","slug":"kennel-kutyanak-dh3","status":"publish","type":"product","link":"https:\/\/www.steelzone.eu\/hu\/produkt\/kennel-kutyanak-dh3\/","title":{"rendered":"Kennel kuty\u00e1nak DH3"},"content":{"rendered":"","protected":false},"excerpt":{"rendered":"<p>Bemutatjuk \u00d6n\u00f6knek a DH3 modellt, egy modern kutyakennelt, mely f\u00e9mlemez\/fa\/kompozit, f\u00e9mh\u00e1l\u00f3 \u00e9s f\u00e9mprofilok kombin\u00e1ci\u00f3j\u00e1b\u00f3l k\u00e9sz\u00fcl, aminek k\u00f6sz\u00f6nhet\u0151en nem csak eszt\u00e9tikus, de nagyon er\u0151s \u00e9s tart\u00f3s is. A DH3 modell forgathat\u00f3 t\u00e1lakkal is konfigur\u00e1lhat\u00f3, amelyek megk\u00f6nny\u00edtik kedvence etet\u00e9s\u00e9t. Ezenk\u00edv\u00fcl a nagy sz\u00ednv\u00e1laszt\u00e9knak k\u00f6sz\u00f6nhet\u0151en a sz\u0151nyeg minden \u00edzl\u00e9shez igaz\u00edthat\u00f3, mivel t\u00f6bbf\u00e9le sz\u00edn\u00e1rnyalatot k\u00edn\u00e1lunk. Nemcsak a megjelen\u00e9se, hanem a funkcionalit\u00e1sa is a legmagasabb szint\u0171. A DH3 modell lehet\u0151v\u00e9 teszi, hogy a kutya szabadon mozoghasson, mik\u00f6zben biztos\u00edtja a biztons\u00e1g\u00e1t. A szerkezet minden elem\u00e9t gondosan gy\u00e1rtj\u00e1k, ami garant\u00e1lja a tart\u00f3ss\u00e1got \u00e9s a biztons\u00e1gos haszn\u00e1latot. A modern diz\u00e1jn a tollat \u200b\u200bminden kert \u00e9s otthon d\u00edsz\u00e9v\u00e9 teszi.&nbsp; <b>M\u0171szaki adatok:<\/b> A f\u00e9m r\u00e9szek rozsdamentes ac\u00e9lb\u00f3l k\u00e9sz\u00fclnek, fel\u00fcletkezel\u00e9ssel az id\u0151j\u00e1r\u00e1s viszontags\u00e1gaival szembeni jobb ellen\u00e1ll\u00e1s \u00e9rdek\u00e9ben. <em>A k\u00e9pek illusztr\u00e1ci\u00f3k, a term\u00e9k <b>nem tartalmazza<\/b> az ajt\u00f3z\u00e1rat, a t\u00e1lakat \u00e9s a kuty\u00e1t.<\/em><\/p>\n","protected":false},"featured_media":9429,"template":"","meta":[],"product_brand":[],"product_cat":[60],"product_tag":[83],"class_list":{"0":"post-1657","1":"product","2":"type-product","3":"status-publish","4":"has-post-thumbnail","6":"product_cat-kennelek-kutyaknak","7":"product_tag-tollak","9":"first","10":"instock","11":"taxable","12":"shipping-taxable","13":"purchasable","14":"product-type-simple"},"_links":{"self":[{"href":"https:\/\/www.steelzone.eu\/hu\/wp-json\/wp\/v2\/product\/1657","targetHints":{"allow":["GET"]}}],"collection":[{"href":"https:\/\/www.steelzone.eu\/hu\/wp-json\/wp\/v2\/product"}],"about":[{"href":"https:\/\/www.steelzone.eu\/hu\/wp-json\/wp\/v2\/types\/product"}],"version-history":[{"count":4,"href":"https:\/\/www.steelzone.eu\/hu\/wp-json\/wp\/v2\/product\/1657\/revisions"}],"predecessor-version":[{"id":6701,"href":"https:\/\/www.steelzone.eu\/hu\/wp-json\/wp\/v2\/product\/1657\/revisions\/6701"}],"wp:featuredmedia":[{"embeddable":true,"href":"https:\/\/www.steelzone.eu\/hu\/wp-json\/wp\/v2\/media\/9429"}],"wp:attachment":[{"href":"https:\/\/www.steelzone.eu\/hu\/wp-json\/wp\/v2\/media?parent=1657"}],"wp:term":[{"taxonomy":"product_brand","embeddable":true,"href":"https:\/\/www.steelzone.eu\/hu\/wp-json\/wp\/v2\/product_brand?post=1657"},{"taxonomy":"product_cat","embeddable":true,"href":"https:\/\/www.steelzone.eu\/hu\/wp-json\/wp\/v2\/product_cat?post=1657"},{"taxonomy":"product_tag","embeddable":true,"href":"https:\/\/www.steelzone.eu\/hu\/wp-json\/wp\/v2\/product_tag?post=1657"}],"curies":[{"name":"wp","href":"https:\/\/api.w.org\/{rel}","templated":true}]}}