{"id":9840,"date":"2026-04-23T22:42:09","date_gmt":"2026-04-23T20:42:09","guid":{"rendered":"https:\/\/www.steelzone.eu\/produkt\/gartenhaus-ferrum\/"},"modified":"2026-04-25T01:51:11","modified_gmt":"2026-04-24T23:51:11","slug":"gartenhaus-ferrum","status":"publish","type":"product","link":"https:\/\/www.steelzone.eu\/de\/produkt\/gartenhaus-ferrum\/","title":{"rendered":"Gartenhaus Ferrum"},"content":{"rendered":"<section class=\"text-token-text-primary w-full focus:outline-none [--shadow-height:45px] has-data-writing-block:pointer-events-none has-data-writing-block:-mt-(--shadow-height) has-data-writing-block:pt-(--shadow-height) [&amp;:has([data-writing-block])&gt;*]:pointer-events-auto [content-visibility:auto] supports-[content-visibility:auto]:[contain-intrinsic-size:auto_100lvh] R6Vx5W_threadScrollVars scroll-mb-[calc(var(--scroll-root-safe-area-inset-bottom,0px)+var(--thread-response-height))] scroll-mt-[calc(var(--header-height)+min(200px,max(70px,20svh)))]\" dir=\"auto\" data-turn-id=\"request-WEB:19d0ee94-0321-487d-b675-18f847acc294-2\" data-testid=\"conversation-turn-6\" data-scroll-anchor=\"false\" data-turn=\"assistant\">\n<div class=\"text-base my-auto mx-auto pb-10 [--thread-content-margin:var(--thread-content-margin-xs,calc(var(--spacing)*4))] @w-sm\/main:[--thread-content-margin:var(--thread-content-margin-sm,calc(var(--spacing)*6))] @w-lg\/main:[--thread-content-margin:var(--thread-content-margin-lg,calc(var(--spacing)*16))] px-(--thread-content-margin)\">\n<div class=\"[--thread-content-max-width:40rem] @w-lg\/main:[--thread-content-max-width:48rem] mx-auto max-w-(--thread-content-max-width) flex-1 group\/turn-messages focus-visible:outline-hidden relative flex w-full min-w-0 flex-col agent-turn\">\n<div class=\"flex max-w-full flex-col gap-4 grow\">\n<div class=\"min-h-8 text-message relative flex w-full flex-col items-end gap-2 text-start break-words whitespace-normal outline-none keyboard-focused:focus-ring [.text-message+&amp;]:mt-1\" dir=\"auto\" tabindex=\"0\" data-message-author-role=\"assistant\" data-message-id=\"a1f01848-8a4b-40d8-9ec1-618e4489ad32\" data-message-model-slug=\"gpt-5-3\" data-turn-start-message=\"true\">\n<div class=\"flex w-full flex-col gap-1 empty:hidden\">\n<div class=\"markdown prose dark:prose-invert w-full wrap-break-word dark markdown-new-styling\">\n<p data-start=\"0\" data-end=\"306\">FERRUM ist ein Premium-<a href=\"https:\/\/www.steelzone.eu\/de\/gartenhaus-2\/\">Gartenhaus<\/a> f\u00fcr die sichere und langfristige Lagerung, mit Fokus auf Langlebigkeit und eine moderne architektonische Optik. Die Konstruktion des Gartenhauses besteht aus verzinkten Stahlprofilen mit Pulverbeschichtung, was eine hohe Witterungsbest\u00e4ndigkeit gew\u00e4hrleistet. <\/p>\n<p data-start=\"308\" data-end=\"777\" data-is-last-node=\"\" data-is-only-node=\"\">Das Gartenhaus ist mit einer T\u00fcr mit lasergeschnittenem Paneel und einem vertikalen Fenster aus massivem Polycarbonat mit hoher Lichtdurchl\u00e4ssigkeit ausgestattet. Die Frontpaneele des Gartenhauses sind aus echtem Stein-, Beton- oder Quarzit-Furniermaterial gefertigt (keine Imitation). Ma\u00dfe und Ausf\u00fchrung k\u00f6nnen individuell angepasst werden; Preisstruktur und Aufpreise entsprechen dem Modell <a href=\"https:\/\/www.steelzone.eu\/de\/produkt\/gartenhaus-venturo\/\">VENTURO<\/a>.  <\/p>\n<\/div>\n<\/div>\n<\/div>\n<\/div>\n<div class=\"z-0 flex min-h-[46px] justify-start\"><\/div>\n<div class=\"mt-3 w-full empty:hidden\">\n<div class=\"text-center\"><\/div>\n<\/div>\n<\/div>\n<\/div>\n<\/section>\n<div class=\"pointer-events-none -mt-px h-px translate-y-[calc(var(--scroll-root-safe-area-inset-bottom)-14*var(--spacing))]\" aria-hidden=\"true\"><\/div>\n","protected":false},"excerpt":{"rendered":"<p>FERRUM ist ein Premium-Gartenhaus f\u00fcr die sichere und langfristige Lagerung, mit Fokus auf Langlebigkeit und eine moderne architektonische Optik. Die Konstruktion des Gartenhauses besteht aus verzinkten Stahlprofilen mit Pulverbeschichtung, was eine hohe Witterungsbest\u00e4ndigkeit gew\u00e4hrleistet. Das Gartenhaus ist mit einer T\u00fcr mit lasergeschnittenem Paneel und einem vertikalen Fenster aus massivem Polycarbonat mit hoher Lichtdurchl\u00e4ssigkeit ausgestattet. Die [&hellip;]<\/p>\n","protected":false},"featured_media":9822,"template":"","meta":[],"product_brand":[],"product_cat":[116],"product_tag":[118,117,119],"class_list":{"0":"post-9840","1":"product","2":"type-product","3":"status-publish","4":"has-post-thumbnail","6":"product_cat-gartenhauser","7":"product_tag-gartenhaus","8":"product_tag-gartenkasten","9":"product_tag-gartenwerkstatt","11":"first","12":"instock","13":"featured","14":"taxable","15":"shipping-taxable","16":"purchasable","17":"product-type-simple"},"_links":{"self":[{"href":"https:\/\/www.steelzone.eu\/de\/wp-json\/wp\/v2\/product\/9840","targetHints":{"allow":["GET"]}}],"collection":[{"href":"https:\/\/www.steelzone.eu\/de\/wp-json\/wp\/v2\/product"}],"about":[{"href":"https:\/\/www.steelzone.eu\/de\/wp-json\/wp\/v2\/types\/product"}],"version-history":[{"count":1,"href":"https:\/\/www.steelzone.eu\/de\/wp-json\/wp\/v2\/product\/9840\/revisions"}],"predecessor-version":[{"id":9876,"href":"https:\/\/www.steelzone.eu\/de\/wp-json\/wp\/v2\/product\/9840\/revisions\/9876"}],"wp:featuredmedia":[{"embeddable":true,"href":"https:\/\/www.steelzone.eu\/de\/wp-json\/wp\/v2\/media\/9822"}],"wp:attachment":[{"href":"https:\/\/www.steelzone.eu\/de\/wp-json\/wp\/v2\/media?parent=9840"}],"wp:term":[{"taxonomy":"product_brand","embeddable":true,"href":"https:\/\/www.steelzone.eu\/de\/wp-json\/wp\/v2\/product_brand?post=9840"},{"taxonomy":"product_cat","embeddable":true,"href":"https:\/\/www.steelzone.eu\/de\/wp-json\/wp\/v2\/product_cat?post=9840"},{"taxonomy":"product_tag","embeddable":true,"href":"https:\/\/www.steelzone.eu\/de\/wp-json\/wp\/v2\/product_tag?post=9840"}],"curies":[{"name":"wp","href":"https:\/\/api.w.org\/{rel}","templated":true}]}}