{"id":5050,"date":"2024-02-20T22:38:23","date_gmt":"2024-02-20T21:38:23","guid":{"rendered":"https:\/\/www.steelzone.eu\/produkt\/gartenpavillon-verdo\/"},"modified":"2024-10-17T00:06:02","modified_gmt":"2024-10-16T22:06:02","slug":"gartenpavillon-verdo","status":"publish","type":"product","link":"https:\/\/www.steelzone.eu\/de\/produkt\/gartenpavillon-verdo\/","title":{"rendered":"Gartenpavillon VERDO"},"content":{"rendered":"","protected":false},"excerpt":{"rendered":"<p><strong>Der Gartenpavillon VERDO<\/strong> ist eine au\u00dfergew\u00f6hnliche Konstruktion, die jeden Liebhaber von Gartenpavillons verzaubern wird. Dank seiner modernen L\u00f6sung und langlebigen Konstruktion wird der VERDO-Pavillon zu einer Oase der Entspannung f\u00fcr die ganze Familie. Der Pavillon vereint moderne Elemente mit Klassikern. Seine schlichte, aber elegante Form passt in jeden Garten.<\/p>\n<p>Der Pavillon verf\u00fcgt \u00fcber ein <strong>witterungsbest\u00e4ndiges<\/strong> Metalldach. Optional ist es m\u00f6glich, ein Metalldach mit einer Holzverkleidung aus skandinavischem Holz zu installieren, das zus\u00e4tzlichen Schutz vor Sonnenstrahlen bietet.<\/p>\n<p>Die Seiten- und R\u00fcckw\u00e4nde des Pavillons k\u00f6nnen <strong>nach Wunsch gestaltet<\/strong> werden. Sie k\u00f6nnen offen oder geschlossen sein.<\/p>\n<p><strong>Erstellen Sie Ihren eigenen, individuellen Pavillon!<\/strong>  Sie k\u00f6nnen den Pavillon ganz einfach in unserem Konfigurator nach Ihren W\u00fcnschen konfigurieren und wir liefern ihn Ihnen. Die Montage des Dorns ist einfach und schnell.<\/p>\n<p>Erfahren Sie, wie <a href=\"https:\/\/www.steelzone.eu\/de\/wie-bereite-ich-eine-basis-fuer-einen-gartenpavillon-vor\/\">Sie eine Basis f\u00fcr einen Gartenpavillon vorbereiten<\/a> .<\/p>\n<p><strong>Konfigurieren Sie noch heute einen VERDO-Pavillon und erwecken Sie Ihren Garten zum Leben!<\/strong><\/p>\n","protected":false},"featured_media":8471,"template":"","meta":[],"product_brand":[],"product_cat":[150],"product_tag":[],"class_list":{"0":"post-5050","1":"product","2":"type-product","3":"status-publish","4":"has-post-thumbnail","6":"product_cat-gartenpavillons","8":"first","9":"instock","10":"taxable","11":"shipping-taxable","12":"purchasable","13":"product-type-simple"},"_links":{"self":[{"href":"https:\/\/www.steelzone.eu\/de\/wp-json\/wp\/v2\/product\/5050","targetHints":{"allow":["GET"]}}],"collection":[{"href":"https:\/\/www.steelzone.eu\/de\/wp-json\/wp\/v2\/product"}],"about":[{"href":"https:\/\/www.steelzone.eu\/de\/wp-json\/wp\/v2\/types\/product"}],"version-history":[{"count":2,"href":"https:\/\/www.steelzone.eu\/de\/wp-json\/wp\/v2\/product\/5050\/revisions"}],"predecessor-version":[{"id":5097,"href":"https:\/\/www.steelzone.eu\/de\/wp-json\/wp\/v2\/product\/5050\/revisions\/5097"}],"wp:featuredmedia":[{"embeddable":true,"href":"https:\/\/www.steelzone.eu\/de\/wp-json\/wp\/v2\/media\/8471"}],"wp:attachment":[{"href":"https:\/\/www.steelzone.eu\/de\/wp-json\/wp\/v2\/media?parent=5050"}],"wp:term":[{"taxonomy":"product_brand","embeddable":true,"href":"https:\/\/www.steelzone.eu\/de\/wp-json\/wp\/v2\/product_brand?post=5050"},{"taxonomy":"product_cat","embeddable":true,"href":"https:\/\/www.steelzone.eu\/de\/wp-json\/wp\/v2\/product_cat?post=5050"},{"taxonomy":"product_tag","embeddable":true,"href":"https:\/\/www.steelzone.eu\/de\/wp-json\/wp\/v2\/product_tag?post=5050"}],"curies":[{"name":"wp","href":"https:\/\/api.w.org\/{rel}","templated":true}]}}