{"id":5030,"date":"2024-02-20T21:55:32","date_gmt":"2024-02-20T20:55:32","guid":{"rendered":"https:\/\/www.steelzone.eu\/produkt\/gartenpavillon-serenita\/"},"modified":"2024-10-08T00:01:28","modified_gmt":"2024-10-07T22:01:28","slug":"gartenpavillon-serenita","status":"publish","type":"product","link":"https:\/\/www.steelzone.eu\/de\/produkt\/gartenpavillon-serenita\/","title":{"rendered":"Gartenpavillon SERENITA"},"content":{"rendered":"","protected":false},"excerpt":{"rendered":"<p><strong>Suchen Sie einen hochmodernen Pavillon f\u00fcr den Garten, den niemand vermissen wird?<\/strong><\/p>\n<p><strong>Der Gartenpavillon SERENITA<\/strong> ist ein Projekt mit einzigartigem Design, das perfekt in jeden Garten passt. Au\u00dfergew\u00f6hnliche Konstruktion und hochwertige Materialien garantieren Langlebigkeit und unglaubliche Zuverl\u00e4ssigkeit \u00fcber viele Jahre.<\/p>\n<p>Das Dach besteht aus Standardblech oder mit Holz bedecktem Blech, das zus\u00e4tzlichen Schutz vor Sonnenstrahlen bietet.<\/p>\n<p>Die W\u00e4nde sind mit Blech, Naturholz aus dem Norden oder Verbundplatten gef\u00fcllt.<\/p>\n<p><strong>Erstellen Sie Ihren eigenen, individuellen Pavillon!<\/strong>  Sie k\u00f6nnen den Pavillon ganz einfach in unserem Konfigurator nach Ihren W\u00fcnschen konfigurieren und wir liefern ihn Ihnen. Die Montage des Dorns ist einfach und schnell.<\/p>\n<p>Erfahren Sie, wie <a href=\"https:\/\/www.steelzone.eu\/de\/wie-bereite-ich-eine-basis-fuer-einen-gartenpavillon-vor\/\">Sie eine Basis f\u00fcr einen Gartenpavillon vorbereiten<\/a> .<\/p>\n<p><strong>Konfigurieren Sie noch heute Ihren SERENITA Pavillon!<\/strong><\/p>\n","protected":false},"featured_media":8480,"template":"","meta":[],"product_brand":[],"product_cat":[150],"product_tag":[],"class_list":{"0":"post-5030","1":"product","2":"type-product","3":"status-publish","4":"has-post-thumbnail","6":"product_cat-gartenpavillons","8":"first","9":"instock","10":"taxable","11":"shipping-taxable","12":"purchasable","13":"product-type-simple"},"_links":{"self":[{"href":"https:\/\/www.steelzone.eu\/de\/wp-json\/wp\/v2\/product\/5030","targetHints":{"allow":["GET"]}}],"collection":[{"href":"https:\/\/www.steelzone.eu\/de\/wp-json\/wp\/v2\/product"}],"about":[{"href":"https:\/\/www.steelzone.eu\/de\/wp-json\/wp\/v2\/types\/product"}],"version-history":[{"count":2,"href":"https:\/\/www.steelzone.eu\/de\/wp-json\/wp\/v2\/product\/5030\/revisions"}],"predecessor-version":[{"id":5085,"href":"https:\/\/www.steelzone.eu\/de\/wp-json\/wp\/v2\/product\/5030\/revisions\/5085"}],"wp:featuredmedia":[{"embeddable":true,"href":"https:\/\/www.steelzone.eu\/de\/wp-json\/wp\/v2\/media\/8480"}],"wp:attachment":[{"href":"https:\/\/www.steelzone.eu\/de\/wp-json\/wp\/v2\/media?parent=5030"}],"wp:term":[{"taxonomy":"product_brand","embeddable":true,"href":"https:\/\/www.steelzone.eu\/de\/wp-json\/wp\/v2\/product_brand?post=5030"},{"taxonomy":"product_cat","embeddable":true,"href":"https:\/\/www.steelzone.eu\/de\/wp-json\/wp\/v2\/product_cat?post=5030"},{"taxonomy":"product_tag","embeddable":true,"href":"https:\/\/www.steelzone.eu\/de\/wp-json\/wp\/v2\/product_tag?post=5030"}],"curies":[{"name":"wp","href":"https:\/\/api.w.org\/{rel}","templated":true}]}}