{"id":2705,"date":"2023-10-24T00:39:28","date_gmt":"2023-10-23T22:39:28","guid":{"rendered":"https:\/\/www.steelzone.eu\/produkt\/gartenhaus-solare\/"},"modified":"2024-10-06T20:48:29","modified_gmt":"2024-10-06T18:48:29","slug":"gartenhaus-solar","status":"publish","type":"product","link":"https:\/\/www.steelzone.eu\/de\/produkt\/gartenhaus-solar\/","title":{"rendered":"Gartenhaus Solare"},"content":{"rendered":"","protected":false},"excerpt":{"rendered":"<p>Willkommen in der exklusiven Welt unserer <strong>Gartenh\u00e4user<\/strong> \u2013 wir pr\u00e4sentieren das Modell <strong>Solare<\/strong> ! Diese innovative und stilvolle Gartenbox ist aus <strong>hochwertigen Materialien<\/strong> gefertigt und je nach Wunsch in <strong>verschiedenen Farben<\/strong> erh\u00e4ltlich. <strong>Passen Sie<\/strong> es genau an Ihre Bed\u00fcrfnisse an \u2013 es kann ein Gartenhaus, ein Lagerraum oder eine Werkstatt sein. Die Basis bildet <strong>ein massives<\/strong> Metallprofil mit <strong>lackierter<\/strong> Oberfl\u00e4che, das f\u00fcr <strong>die Haltbarkeit<\/strong> und <strong>Langlebigkeit<\/strong> Ihres Gartenhauses sorgt. Sein raffiniertes, mit CNC-Technologie geschnittenes Metallmuster verleiht ihm einen einzigartigen Stil und Einzigartigkeit. Verwenden Sie es zur Aufbewahrung von Gartenger\u00e4ten oder als elegante Gartenbox f\u00fcr allt\u00e4gliche Dinge. Das Gartenhaus Solare ist Eleganz durch die Kombination von Design und Funktionalit\u00e4t. Bestellen Sie noch heute und machen Sie Ihren Garten noch sch\u00f6ner!<\/p>\n","protected":false},"featured_media":8919,"template":"","meta":[],"product_brand":[],"product_cat":[116],"product_tag":[118,117,119],"class_list":{"0":"post-2705","1":"product","2":"type-product","3":"status-publish","4":"has-post-thumbnail","6":"product_cat-gartenhauser","7":"product_tag-gartenhaus","8":"product_tag-gartenkasten","9":"product_tag-gartenwerkstatt","11":"first","12":"instock","13":"taxable","14":"shipping-taxable","15":"purchasable","16":"product-type-simple"},"_links":{"self":[{"href":"https:\/\/www.steelzone.eu\/de\/wp-json\/wp\/v2\/product\/2705","targetHints":{"allow":["GET"]}}],"collection":[{"href":"https:\/\/www.steelzone.eu\/de\/wp-json\/wp\/v2\/product"}],"about":[{"href":"https:\/\/www.steelzone.eu\/de\/wp-json\/wp\/v2\/types\/product"}],"version-history":[{"count":2,"href":"https:\/\/www.steelzone.eu\/de\/wp-json\/wp\/v2\/product\/2705\/revisions"}],"predecessor-version":[{"id":6270,"href":"https:\/\/www.steelzone.eu\/de\/wp-json\/wp\/v2\/product\/2705\/revisions\/6270"}],"wp:featuredmedia":[{"embeddable":true,"href":"https:\/\/www.steelzone.eu\/de\/wp-json\/wp\/v2\/media\/8919"}],"wp:attachment":[{"href":"https:\/\/www.steelzone.eu\/de\/wp-json\/wp\/v2\/media?parent=2705"}],"wp:term":[{"taxonomy":"product_brand","embeddable":true,"href":"https:\/\/www.steelzone.eu\/de\/wp-json\/wp\/v2\/product_brand?post=2705"},{"taxonomy":"product_cat","embeddable":true,"href":"https:\/\/www.steelzone.eu\/de\/wp-json\/wp\/v2\/product_cat?post=2705"},{"taxonomy":"product_tag","embeddable":true,"href":"https:\/\/www.steelzone.eu\/de\/wp-json\/wp\/v2\/product_tag?post=2705"}],"curies":[{"name":"wp","href":"https:\/\/api.w.org\/{rel}","templated":true}]}}