{"id":2690,"date":"2023-10-22T16:06:23","date_gmt":"2023-10-22T14:06:23","guid":{"rendered":"https:\/\/www.steelzone.eu\/produkt\/zwinger-fuer-einen-hund-dh5\/"},"modified":"2024-10-07T23:30:27","modified_gmt":"2024-10-07T21:30:27","slug":"hundezwinger-dh5","status":"publish","type":"product","link":"https:\/\/www.steelzone.eu\/de\/produkt\/hundezwinger-dh5\/","title":{"rendered":"Hundezwinger DH5"},"content":{"rendered":"","protected":false},"excerpt":{"rendered":"<p>Ein modernes und stilvolles Zuhause f\u00fcr Ihr Haustier! Wenn Sie von einem bequemen Platz f\u00fcr Ihren Hund tr\u00e4umen, der ihm nicht nur einen bequemen Ruheplatz bietet, sondern auch in Ihrem Garten gut aussieht, ist die Hundeh\u00fctte DH5 genau das Richtige f\u00fcr Sie. Der Stift besteht aus <strong>Materialien h\u00f6chster Qualit\u00e4t<\/strong> in Kombination mit <strong>einem langlebigen Metallprofil<\/strong> , was nicht nur eine hohe Haltbarkeit, sondern auch ein elegantes Erscheinungsbild gew\u00e4hrleistet. Neben der Standardausstattung, einem bequemen Einstieg und einem soliden Verschlusssystem, verf\u00fcgt der DH5-Stift auch \u00fcber eine zus\u00e4tzliche Option \u2013 <strong>rotierende Schalen<\/strong> (ohne Schalen). Dank ihnen hat Ihr Hund einfachen Zugang zu Wasser und Futter und Sie k\u00f6nnen das sch\u00f6ne und <strong>elegante Erscheinungsbild<\/strong> der Hundeh\u00fctte in vollen Z\u00fcgen genie\u00dfen. Wenn Ihnen Komfort, Sicherheit und \u00c4sthetik wichtig sind, ist die Voliere DH5 die ideale Wahl f\u00fcr Ihren Hund. Setzen Sie auf Zuverl\u00e4ssigkeit und Stil \u2013 entscheiden Sie sich f\u00fcr unseren Laufstall DH5!&nbsp; <b>Technische Details:<\/b> Die Metallteile sind aus Edelstahl mit Oberfl\u00e4chenbehandlung f\u00fcr bessere Witterungsbest\u00e4ndigkeit. <em>Die Bilder dienen nur zur Veranschaulichung und das Produkt <b>enth\u00e4lt nicht<\/b> das T\u00fcrschloss, die Sch\u00fcsseln und den Hund.<\/em><\/p>\n","protected":false},"featured_media":9436,"template":"","meta":[],"product_brand":[],"product_cat":[110],"product_tag":[112],"class_list":{"0":"post-2690","1":"product","2":"type-product","3":"status-publish","4":"has-post-thumbnail","6":"product_cat-hundezwinger","7":"product_tag-stifte","9":"first","10":"instock","11":"taxable","12":"shipping-taxable","13":"purchasable","14":"product-type-simple"},"_links":{"self":[{"href":"https:\/\/www.steelzone.eu\/de\/wp-json\/wp\/v2\/product\/2690","targetHints":{"allow":["GET"]}}],"collection":[{"href":"https:\/\/www.steelzone.eu\/de\/wp-json\/wp\/v2\/product"}],"about":[{"href":"https:\/\/www.steelzone.eu\/de\/wp-json\/wp\/v2\/types\/product"}],"version-history":[{"count":3,"href":"https:\/\/www.steelzone.eu\/de\/wp-json\/wp\/v2\/product\/2690\/revisions"}],"predecessor-version":[{"id":6694,"href":"https:\/\/www.steelzone.eu\/de\/wp-json\/wp\/v2\/product\/2690\/revisions\/6694"}],"wp:featuredmedia":[{"embeddable":true,"href":"https:\/\/www.steelzone.eu\/de\/wp-json\/wp\/v2\/media\/9436"}],"wp:attachment":[{"href":"https:\/\/www.steelzone.eu\/de\/wp-json\/wp\/v2\/media?parent=2690"}],"wp:term":[{"taxonomy":"product_brand","embeddable":true,"href":"https:\/\/www.steelzone.eu\/de\/wp-json\/wp\/v2\/product_brand?post=2690"},{"taxonomy":"product_cat","embeddable":true,"href":"https:\/\/www.steelzone.eu\/de\/wp-json\/wp\/v2\/product_cat?post=2690"},{"taxonomy":"product_tag","embeddable":true,"href":"https:\/\/www.steelzone.eu\/de\/wp-json\/wp\/v2\/product_tag?post=2690"}],"curies":[{"name":"wp","href":"https:\/\/api.w.org\/{rel}","templated":true}]}}