{"id":9821,"date":"2026-04-23T22:42:09","date_gmt":"2026-04-23T20:42:09","guid":{"rendered":"https:\/\/www.steelzone.eu\/produkt\/zahradny-domcek-ferrum\/"},"modified":"2026-04-25T01:50:23","modified_gmt":"2026-04-24T23:50:23","slug":"zahradny-domek-ferrum","status":"publish","type":"product","link":"https:\/\/www.steelzone.eu\/cs\/produkt\/zahradny-domek-ferrum\/","title":{"rendered":"Zahradn\u00ed domek Ferrum"},"content":{"rendered":"<section class=\"text-token-text-primary w-full focus:outline-none [--shadow-height:45px] has-data-writing-block:pointer-events-none has-data-writing-block:-mt-(--shadow-height) has-data-writing-block:pt-(--shadow-height) [&amp;:has([data-writing-block])&gt;*]:pointer-events-auto [content-visibility:auto] supports-[content-visibility:auto]:[contain-intrinsic-size:auto_100lvh] R6Vx5W_threadScrollVars scroll-mb-[calc(var(--scroll-root-safe-area-inset-bottom,0px)+var(--thread-response-height))] scroll-mt-[calc(var(--header-height)+min(200px,max(70px,20svh)))]\" dir=\"auto\" data-turn-id=\"request-WEB:19d0ee94-0321-487d-b675-18f847acc294-2\" data-testid=\"conversation-turn-6\" data-scroll-anchor=\"false\" data-turn=\"assistant\">\n<div class=\"text-base my-auto mx-auto pb-10 [--thread-content-margin:var(--thread-content-margin-xs,calc(var(--spacing)*4))] @w-sm\/main:[--thread-content-margin:var(--thread-content-margin-sm,calc(var(--spacing)*6))] @w-lg\/main:[--thread-content-margin:var(--thread-content-margin-lg,calc(var(--spacing)*16))] px-(--thread-content-margin)\">\n<div class=\"[--thread-content-max-width:40rem] @w-lg\/main:[--thread-content-max-width:48rem] mx-auto max-w-(--thread-content-max-width) flex-1 group\/turn-messages focus-visible:outline-hidden relative flex w-full min-w-0 flex-col agent-turn\">\n<div class=\"flex max-w-full flex-col gap-4 grow\">\n<div class=\"min-h-8 text-message relative flex w-full flex-col items-end gap-2 text-start break-words whitespace-normal outline-none keyboard-focused:focus-ring [.text-message+&amp;]:mt-1\" dir=\"auto\" tabindex=\"0\" data-message-author-role=\"assistant\" data-message-id=\"a1f01848-8a4b-40d8-9ec1-618e4489ad32\" data-message-model-slug=\"gpt-5-3\" data-turn-start-message=\"true\">\n<div class=\"flex w-full flex-col gap-1 empty:hidden\">\n<div class=\"markdown prose dark:prose-invert w-full wrap-break-word dark markdown-new-styling\">\n<p data-start=\"0\" data-end=\"306\">FERRUM je pr\u00e9miov\u00fd <a href=\"https:\/\/www.steelzone.eu\/cs\/zahradni-domek-2\/\">zahradn\u00ed domek<\/a> ur\u010den\u00fd pro bezpe\u010dn\u00e9 a dlouhodob\u00e9 uskladn\u011bn\u00ed, s d\u016frazem na odolnost a modern\u00ed architektonick\u00fd vzhled. Konstrukce zahradn\u00edho domku je vyrobena z pozinkovan\u00fdch ocelov\u00fdch profil\u016f s pr\u00e1\u0161kovou povrchovou \u00fapravou, co\u017e zaji\u0161\u0165uje vysokou odolnost v\u016f\u010di pov\u011btrnostn\u00edm podm\u00ednk\u00e1m. <\/p>\n<p data-start=\"308\" data-end=\"777\" data-is-last-node=\"\" data-is-only-node=\"\">Zahradn\u00ed domek je vybaven dve\u0159mi s laserem \u0159ezan\u00fdm panelem a vertik\u00e1ln\u00edm oknem z pln\u00e9ho polykarbon\u00e1tu s vysokou propustnost\u00ed sv\u011btla. P\u0159edn\u00ed panely zahradn\u00edho domku jsou zhotoveny ze skute\u010dn\u00e9ho kamenn\u00e9ho, betonov\u00e9ho nebo kvarcitov\u00e9ho d\u00fdhov\u00e9ho materi\u00e1lu (nejde o imitaci). Rozm\u011bry i proveden\u00ed lze individu\u00e1ln\u011b p\u0159izp\u016fsobit, p\u0159i\u010dem\u017e cenov\u00e1 struktura a p\u0159\u00edplatky jsou shodn\u00e9 s modelem <a href=\"https:\/\/www.steelzone.eu\/cs\/produkt\/zahradni-domek-venturo\/\">VENTURO<\/a>.  <\/p>\n<\/div>\n<\/div>\n<\/div>\n<\/div>\n<div class=\"z-0 flex min-h-[46px] justify-start\"><\/div>\n<div class=\"mt-3 w-full empty:hidden\">\n<div class=\"text-center\"><\/div>\n<\/div>\n<\/div>\n<\/div>\n<\/section>\n<div class=\"pointer-events-none -mt-px h-px translate-y-[calc(var(--scroll-root-safe-area-inset-bottom)-14*var(--spacing))]\" aria-hidden=\"true\"><\/div>\n","protected":false},"excerpt":{"rendered":"<p>FERRUM je pr\u00e9miov\u00fd zahradn\u00ed domek ur\u010den\u00fd pro bezpe\u010dn\u00e9 a dlouhodob\u00e9 uskladn\u011bn\u00ed, s d\u016frazem na odolnost a modern\u00ed architektonick\u00fd vzhled. Konstrukce zahradn\u00edho domku je vyrobena z pozinkovan\u00fdch ocelov\u00fdch profil\u016f s pr\u00e1\u0161kovou povrchovou \u00fapravou, co\u017e zaji\u0161\u0165uje vysokou odolnost v\u016f\u010di pov\u011btrnostn\u00edm podm\u00ednk\u00e1m. Zahradn\u00ed domek je vybaven dve\u0159mi s laserem \u0159ezan\u00fdm panelem a vertik\u00e1ln\u00edm oknem z pln\u00e9ho polykarbon\u00e1tu s [&hellip;]<\/p>\n","protected":false},"featured_media":9803,"template":"","meta":[],"product_brand":[],"product_cat":[63],"product_tag":[80,103,102],"class_list":{"0":"post-9821","1":"product","2":"type-product","3":"status-publish","4":"has-post-thumbnail","6":"product_cat-zahradni-domky","7":"product_tag-zahradni-boxy","8":"product_tag-zahradni-dilna","9":"product_tag-zahradni-domek","11":"first","12":"instock","13":"featured","14":"taxable","15":"shipping-taxable","16":"purchasable","17":"product-type-simple"},"_links":{"self":[{"href":"https:\/\/www.steelzone.eu\/cs\/wp-json\/wp\/v2\/product\/9821","targetHints":{"allow":["GET"]}}],"collection":[{"href":"https:\/\/www.steelzone.eu\/cs\/wp-json\/wp\/v2\/product"}],"about":[{"href":"https:\/\/www.steelzone.eu\/cs\/wp-json\/wp\/v2\/types\/product"}],"version-history":[{"count":1,"href":"https:\/\/www.steelzone.eu\/cs\/wp-json\/wp\/v2\/product\/9821\/revisions"}],"predecessor-version":[{"id":9841,"href":"https:\/\/www.steelzone.eu\/cs\/wp-json\/wp\/v2\/product\/9821\/revisions\/9841"}],"wp:featuredmedia":[{"embeddable":true,"href":"https:\/\/www.steelzone.eu\/cs\/wp-json\/wp\/v2\/media\/9803"}],"wp:attachment":[{"href":"https:\/\/www.steelzone.eu\/cs\/wp-json\/wp\/v2\/media?parent=9821"}],"wp:term":[{"taxonomy":"product_brand","embeddable":true,"href":"https:\/\/www.steelzone.eu\/cs\/wp-json\/wp\/v2\/product_brand?post=9821"},{"taxonomy":"product_cat","embeddable":true,"href":"https:\/\/www.steelzone.eu\/cs\/wp-json\/wp\/v2\/product_cat?post=9821"},{"taxonomy":"product_tag","embeddable":true,"href":"https:\/\/www.steelzone.eu\/cs\/wp-json\/wp\/v2\/product_tag?post=9821"}],"curies":[{"name":"wp","href":"https:\/\/api.w.org\/{rel}","templated":true}]}}