{"id":8924,"date":"2026-02-07T21:09:53","date_gmt":"2026-02-07T20:09:53","guid":{"rendered":"https:\/\/www.steelzone.eu\/?post_type=product&#038;p=8924"},"modified":"2026-02-08T13:19:52","modified_gmt":"2026-02-08T12:19:52","slug":"zahradni-domek-ferrobox","status":"publish","type":"product","link":"https:\/\/www.steelzone.eu\/cs\/produkt\/zahradni-domek-ferrobox\/","title":{"rendered":"Zahradn\u00ed domek Ferrobox"},"content":{"rendered":"<p><strong>FERROBOX<\/strong> je modern\u00ed <strong>zahradn\u00ed \u00falo\u017en\u00fd box<\/strong>, kter\u00fd spojuje vysokou odolnost, praktick\u00e9 vyu\u017eit\u00ed a \u010dist\u00fd design pro modern\u00ed exteri\u00e9ry. Pevn\u00e1 konstrukce z <strong>pozinkovan\u00fdch<\/strong> ocelov\u00fdch profil\u016f a povrchov\u00e1 \u00faprava <strong>pr\u00e1\u0161kov\u00fdm lakov\u00e1n\u00edm<\/strong> zaji\u0161\u0165uj\u00ed dlouhou \u017eivotnost, stabilitu a odolnost v\u016f\u010di pov\u011btrnostn\u00edm vliv\u016fm bez n\u00e1ro\u010dn\u00e9 \u00fadr\u017eby. <\/p>\n<p>Design <strong>FERROBOXU<\/strong> je postaven na detailech \u2013 <strong>vertik\u00e1ln\u00ed dekorativn\u00ed profily<\/strong> a dve\u0159e s <strong>CNC vy\u0159ez\u00e1van\u00fdm vzorem<\/strong> vytv\u00e1\u0159ej\u00ed pr\u00e9miov\u00fd, modern\u00ed vzhled. P\u0159edn\u00ed \u010d\u00e1st m\u016f\u017ee b\u00fdt vyhotovena z plechu, d\u0159ev\u011bn\u00e9ho obkladu nebo kompozitn\u00ed desky, d\u00edky \u010demu\u017e \u00falo\u017en\u00fd box jednodu\u0161e slad\u00edte s domem, terasou nebo zahradou. <\/p>\n<p>FERROBOX je <strong>pln\u011b konfigurovateln\u00fd<\/strong> \u2013 rozm\u011bry je mo\u017en\u00e9 p\u0159izp\u016fsobit p\u0159esn\u011b podle va\u0161eho prostoru. Ide\u00e1ln\u00ed \u0159e\u0161en\u00ed pro ulo\u017een\u00ed n\u00e1\u0159ad\u00ed, zahradn\u00edho p\u0159\u00edslu\u0161enstv\u00ed nebo techniky, kter\u00e9 z\u00e1rove\u0148 funguje jako designov\u00fd prvek zvy\u0161uj\u00edc\u00ed hodnotu va\u0161eho exteri\u00e9ru. <\/p>\n","protected":false},"excerpt":{"rendered":"<p><strong>FERROBOX<\/strong> je modern\u00ed <strong>zahradn\u00ed \u00falo\u017en\u00fd box<\/strong>, kter\u00fd spojuje vysokou odolnost, praktick\u00e9 vyu\u017eit\u00ed a \u010dist\u00fd design pro modern\u00ed exteri\u00e9ry. Pevn\u00e1 konstrukce z <strong>pozinkovan\u00fdch<\/strong> ocelov\u00fdch profil\u016f a povrchov\u00e1 \u00faprava <strong>pr\u00e1\u0161kov\u00fdm lakov\u00e1n\u00edm<\/strong> zaji\u0161\u0165uj\u00ed dlouhou \u017eivotnost, stabilitu a odolnost v\u016f\u010di pov\u011btrnostn\u00edm vliv\u016fm bez n\u00e1ro\u010dn\u00e9 \u00fadr\u017eby. <\/p>\n<p>Design <strong>FERROBOXU<\/strong> je postaven na detailech \u2013 <strong>vertik\u00e1ln\u00ed dekorativn\u00ed profily<\/strong> a dve\u0159e s <strong>CNC vy\u0159ez\u00e1van\u00fdm vzorem<\/strong> vytv\u00e1\u0159ej\u00ed pr\u00e9miov\u00fd, modern\u00ed vzhled. P\u0159edn\u00ed \u010d\u00e1st m\u016f\u017ee b\u00fdt vyhotovena z plechu, d\u0159ev\u011bn\u00e9ho obkladu nebo kompozitn\u00ed desky, d\u00edky \u010demu\u017e \u00falo\u017en\u00fd box jednodu\u0161e slad\u00edte s domem, terasou nebo zahradou. <\/p>\n<p>FERROBOX je <strong>pln\u011b konfigurovateln\u00fd<\/strong> \u2013 rozm\u011bry je mo\u017en\u00e9 p\u0159izp\u016fsobit p\u0159esn\u011b podle va\u0161eho prostoru. Ide\u00e1ln\u00ed \u0159e\u0161en\u00ed pro ulo\u017een\u00ed n\u00e1\u0159ad\u00ed, zahradn\u00edho p\u0159\u00edslu\u0161enstv\u00ed nebo techniky, kter\u00e9 z\u00e1rove\u0148 funguje jako designov\u00fd prvek zvy\u0161uj\u00edc\u00ed hodnotu va\u0161eho exteri\u00e9ru. <\/p>\n","protected":false},"featured_media":8927,"template":"","meta":[],"product_brand":[],"product_cat":[63],"product_tag":[80,103,102],"class_list":{"0":"post-8924","1":"product","2":"type-product","3":"status-publish","4":"has-post-thumbnail","6":"product_cat-zahradni-domky","7":"product_tag-zahradni-boxy","8":"product_tag-zahradni-dilna","9":"product_tag-zahradni-domek","11":"first","12":"instock","13":"taxable","14":"shipping-taxable","15":"purchasable","16":"product-type-simple"},"_links":{"self":[{"href":"https:\/\/www.steelzone.eu\/cs\/wp-json\/wp\/v2\/product\/8924","targetHints":{"allow":["GET"]}}],"collection":[{"href":"https:\/\/www.steelzone.eu\/cs\/wp-json\/wp\/v2\/product"}],"about":[{"href":"https:\/\/www.steelzone.eu\/cs\/wp-json\/wp\/v2\/types\/product"}],"version-history":[{"count":2,"href":"https:\/\/www.steelzone.eu\/cs\/wp-json\/wp\/v2\/product\/8924\/revisions"}],"predecessor-version":[{"id":9224,"href":"https:\/\/www.steelzone.eu\/cs\/wp-json\/wp\/v2\/product\/8924\/revisions\/9224"}],"wp:featuredmedia":[{"embeddable":true,"href":"https:\/\/www.steelzone.eu\/cs\/wp-json\/wp\/v2\/media\/8927"}],"wp:attachment":[{"href":"https:\/\/www.steelzone.eu\/cs\/wp-json\/wp\/v2\/media?parent=8924"}],"wp:term":[{"taxonomy":"product_brand","embeddable":true,"href":"https:\/\/www.steelzone.eu\/cs\/wp-json\/wp\/v2\/product_brand?post=8924"},{"taxonomy":"product_cat","embeddable":true,"href":"https:\/\/www.steelzone.eu\/cs\/wp-json\/wp\/v2\/product_cat?post=8924"},{"taxonomy":"product_tag","embeddable":true,"href":"https:\/\/www.steelzone.eu\/cs\/wp-json\/wp\/v2\/product_tag?post=8924"}],"curies":[{"name":"wp","href":"https:\/\/api.w.org\/{rel}","templated":true}]}}