{"id":8351,"date":"2025-11-23T23:07:14","date_gmt":"2025-11-23T22:07:14","guid":{"rendered":"https:\/\/www.steelzone.eu\/produkt\/holubnik-kurnik-modera\/"},"modified":"2025-11-23T23:07:14","modified_gmt":"2025-11-23T22:07:14","slug":"holubnik-kurnik-modera","status":"publish","type":"product","link":"https:\/\/www.steelzone.eu\/cs\/produkt\/holubnik-kurnik-modera\/","title":{"rendered":"Holubn\u00edk &amp; Kurn\u00edk Modera"},"content":{"rendered":"<article class=\"text-token-text-primary w-full focus:outline-none [--shadow-height:45px] has-data-writing-block:pointer-events-none has-data-writing-block:-mt-(--shadow-height) has-data-writing-block:pt-(--shadow-height) [&amp;:has([data-writing-block])&gt;*]:pointer-events-auto [content-visibility:auto] supports-[content-visibility:auto]:[contain-intrinsic-size:auto_100lvh] scroll-mt-[calc(var(--header-height)+min(200px,max(70px,20svh)))]\" dir=\"auto\" tabindex=\"-1\" data-turn-id=\"request-690bb262-8db0-8321-864f-d92d121ec00f-42\" data-testid=\"conversation-turn-44\" data-scroll-anchor=\"true\" data-turn=\"assistant\">\n<div class=\"text-base my-auto mx-auto pb-10 [--thread-content-margin:--spacing(4)] thread-sm:[--thread-content-margin:--spacing(6)] thread-lg:[--thread-content-margin:--spacing(16)] px-(--thread-content-margin)\">\n<div class=\"[--thread-content-max-width:40rem] thread-lg:[--thread-content-max-width:48rem] mx-auto max-w-(--thread-content-max-width) flex-1 group\/turn-messages focus-visible:outline-hidden relative flex w-full min-w-0 flex-col agent-turn\" tabindex=\"-1\">\n<div class=\"flex max-w-full flex-col grow\">\n<div class=\"min-h-8 text-message relative flex w-full flex-col items-end gap-2 text-start break-words whitespace-normal [.text-message+&amp;]:mt-1\" dir=\"auto\" data-message-author-role=\"assistant\" data-message-id=\"9aa39fb9-c404-4fae-b47c-78d8eb9ec5ff\" data-message-model-slug=\"gpt-5\">\n<div class=\"flex w-full flex-col gap-1 empty:hidden first:pt-[1px]\">\n<div class=\"markdown prose dark:prose-invert w-full break-words dark markdown-new-styling\">\n<p data-start=\"182\" data-end=\"412\"><strong data-start=\"182\" data-end=\"218\">Modern\u00ed kurn\u00edk a holubn\u00edk Modera<\/strong> pro chov slepic a holub\u016f, vyroben\u00fd z odoln\u00fdch pozinkovan\u00fdch profil\u016f a dopln\u011bn\u00fd d\u0159ev\u011bn\u00fdm opl\u00e1\u0161t\u011bn\u00edm. Nab\u00edz\u00ed zdrav\u00e9 v\u011btr\u00e1n\u00ed, p\u0159irozen\u00e9 osv\u011btlen\u00ed a dlouhou \u017eivotnost pro pohodln\u00fd chov dr\u016fbe\u017ee. <\/p>\n<p data-start=\"414\" data-end=\"1015\">Modera je modern\u00ed kurn\u00edk a holubn\u00edk navr\u017een tak, aby poskytoval ide\u00e1ln\u00ed podm\u00ednky pro chov slepic, holub\u016f a dal\u0161\u00ed mal\u00e9 dr\u016fbe\u017ee. Tento kurn\u00edk\/holubn\u00edk je vyr\u00e1b\u011bn z pevn\u00fdch pozinkovan\u00fdch ocelov\u00fdch profil\u016f, kter\u00e9 zaru\u010duj\u00ed dlouhou \u017eivotnost a vysokou odolnost v\u016f\u010di korozi i p\u0159i celoro\u010dn\u00edm pou\u017e\u00edv\u00e1n\u00ed venku. D\u0159ev\u011bn\u00e9 opl\u00e1\u0161t\u011bn\u00ed z podhledov\u00fdch desek dod\u00e1v\u00e1 konstrukci p\u0159irozen\u00fd a elegantn\u00ed vzhled, d\u00edky \u010demu\u017e se Modera hod\u00ed do zahrady, dvora nebo hospod\u00e1\u0159sk\u00e9ho prostoru. P\u0159edn\u00ed prvky lakovan\u00e9 pr\u00e1\u0161kovou barvou (\u010dern\u00e1 nebo grafitov\u00e1) podtrhuj\u00ed modern\u00ed design a chr\u00e1n\u00ed povrch p\u0159ed po\u0161kozen\u00edm.   <\/p>\n<p data-start=\"1017\" data-end=\"1351\">D\u016fle\u017eitou sou\u010d\u00e1st\u00ed je promy\u0161len\u00fd ventila\u010dn\u00ed syst\u00e9m ve vrchn\u00ed i spodn\u00ed \u010d\u00e1sti, kter\u00fd zaji\u0161\u0165uje zdrav\u00e9 proud\u011bn\u00ed vzduchu uvnit\u0159. Ventila\u010dn\u00ed otvory lze individu\u00e1ln\u011b p\u0159izp\u016fsobit podle zp\u016fsobu chovu. Odoln\u00e9 okno z pln\u00e9ho polykarbon\u00e1tu propou\u0161t\u00ed p\u0159irozen\u00e9 sv\u011btlo, co\u017e zvy\u0161uje komfort zv\u00ed\u0159at a zlep\u0161uje jejich podm\u00ednky pro bydlen\u00ed.  <\/p>\n<p data-start=\"1353\" data-end=\"1649\">Tento kurn\u00edk a holubn\u00edk Modera spojuje kvalitn\u00ed materi\u00e1ly, modern\u00ed vzhled a praktick\u00e1 \u0159e\u0161en\u00ed, d\u00edky \u010demu\u017e poskytuje stabiln\u00ed, bezpe\u010dn\u00e9 a pohodln\u00e9 z\u00e1zem\u00ed pro chov slepic i chov holub\u016f. Je to spolehliv\u00fd holubn\u00edk\/kurn\u00edk, kter\u00fd nejen dob\u0159e vypad\u00e1, ale tak\u00e9 dlouho vydr\u017e\u00ed a snadno se udr\u017euje. <\/p>\n<p data-start=\"1651\" data-end=\"1677\"><strong data-start=\"1651\" data-end=\"1675\">U\u017eite\u010dn\u00e9 informace:<\/strong><\/p>\n<ul data-start=\"1678\" data-end=\"2129\" data-is-last-node=\"\" data-is-only-node=\"\">\n<li data-start=\"1678\" data-end=\"1712\">\n<p data-start=\"1680\" data-end=\"1712\">celoro\u010dn\u00ed pou\u017eit\u00ed v exteri\u00e9ru<\/p>\n<\/li>\n<li data-start=\"1713\" data-end=\"1763\">\n<p data-start=\"1715\" data-end=\"1763\">konstrukce z pozinkovan\u00fdch ocelov\u00fdch profil\u016f<\/p>\n<\/li>\n<li data-start=\"1764\" data-end=\"1838\">\n<p data-start=\"1766\" data-end=\"1838\">d\u0159ev\u011bn\u00e9 opl\u00e1\u0161t\u011bn\u00ed z podhledov\u00e9 desky, lakovan\u00e9 v barv\u011b dle v\u00fdb\u011bru<\/p>\n<\/li>\n<li data-start=\"1839\" data-end=\"1914\">\n<p data-start=\"1841\" data-end=\"1914\">p\u0159edn\u00ed a viditeln\u00e9 \u010d\u00e1sti lakovan\u00e9 pr\u00e1\u0161kovou barvou (\u010dern\u00e1\/grafitov\u00e1)<\/p>\n<\/li>\n<li data-start=\"1915\" data-end=\"1979\">\n<p data-start=\"1917\" data-end=\"1979\">syst\u00e9m horn\u00ed a doln\u00ed ventilace s mo\u017enost\u00ed \u00fapravy otvor\u016f<\/p>\n<\/li>\n<li data-start=\"1980\" data-end=\"2070\">\n<p data-start=\"1982\" data-end=\"2070\">okno z pln\u00e9ho polykarbon\u00e1tu \u2013 vysok\u00e1 propustnost sv\u011btla a odolnost proti po\u0161kr\u00e1b\u00e1n\u00ed<\/p>\n<\/li>\n<li data-start=\"2071\" data-end=\"2129\" data-is-last-node=\"\">\n<p data-start=\"2073\" data-end=\"2129\" data-is-last-node=\"\">vhodn\u00e9 pro chov slepic, holub\u016f a dal\u0161\u00ed mal\u00e9 dr\u016fbe\u017ee<\/p>\n<\/li>\n<\/ul>\n<\/div>\n<\/div>\n<\/div>\n<\/div>\n<div class=\"z-0 flex min-h-[46px] justify-start\"><\/div>\n<div class=\"mt-3 w-full empty:hidden\">\n<div class=\"text-center\"><\/div>\n<\/div>\n<\/div>\n<\/div>\n<\/article>\n<div class=\"pointer-events-none h-px w-px\" aria-hidden=\"true\" data-edge=\"true\"><\/div>\n","protected":false},"excerpt":{"rendered":"<p>Modern\u00ed kurn\u00edk a holubn\u00edk Modera pro chov slepic a holub\u016f, vyroben\u00fd z odoln\u00fdch pozinkovan\u00fdch profil\u016f a dopln\u011bn\u00fd d\u0159ev\u011bn\u00fdm opl\u00e1\u0161t\u011bn\u00edm. Nab\u00edz\u00ed zdrav\u00e9 v\u011btr\u00e1n\u00ed, p\u0159irozen\u00e9 osv\u011btlen\u00ed a dlouhou \u017eivotnost pro pohodln\u00fd chov dr\u016fbe\u017ee. Modera je modern\u00ed kurn\u00edk a holubn\u00edk navr\u017een tak, aby poskytoval ide\u00e1ln\u00ed podm\u00ednky pro chov slepic, holub\u016f a dal\u0161\u00ed mal\u00e9 dr\u016fbe\u017ee. Tento kurn\u00edk\/holubn\u00edk je vyr\u00e1b\u011bn [&hellip;]<\/p>\n","protected":false},"featured_media":8073,"template":"","meta":[],"product_brand":[],"product_cat":[183],"product_tag":[],"class_list":{"0":"post-8351","1":"product","2":"type-product","3":"status-publish","4":"has-post-thumbnail","6":"product_cat-holubnik-kurnik-cs","8":"first","9":"instock","10":"taxable","11":"shipping-taxable","12":"purchasable","13":"product-type-simple"},"_links":{"self":[{"href":"https:\/\/www.steelzone.eu\/cs\/wp-json\/wp\/v2\/product\/8351","targetHints":{"allow":["GET"]}}],"collection":[{"href":"https:\/\/www.steelzone.eu\/cs\/wp-json\/wp\/v2\/product"}],"about":[{"href":"https:\/\/www.steelzone.eu\/cs\/wp-json\/wp\/v2\/types\/product"}],"version-history":[{"count":0,"href":"https:\/\/www.steelzone.eu\/cs\/wp-json\/wp\/v2\/product\/8351\/revisions"}],"wp:featuredmedia":[{"embeddable":true,"href":"https:\/\/www.steelzone.eu\/cs\/wp-json\/wp\/v2\/media\/8073"}],"wp:attachment":[{"href":"https:\/\/www.steelzone.eu\/cs\/wp-json\/wp\/v2\/media?parent=8351"}],"wp:term":[{"taxonomy":"product_brand","embeddable":true,"href":"https:\/\/www.steelzone.eu\/cs\/wp-json\/wp\/v2\/product_brand?post=8351"},{"taxonomy":"product_cat","embeddable":true,"href":"https:\/\/www.steelzone.eu\/cs\/wp-json\/wp\/v2\/product_cat?post=8351"},{"taxonomy":"product_tag","embeddable":true,"href":"https:\/\/www.steelzone.eu\/cs\/wp-json\/wp\/v2\/product_tag?post=8351"}],"curies":[{"name":"wp","href":"https:\/\/api.w.org\/{rel}","templated":true}]}}