{"id":2631,"date":"2023-10-24T00:52:53","date_gmt":"2023-10-23T22:52:53","guid":{"rendered":"https:\/\/www.steelzone.eu\/?post_type=product&#038;p=2631"},"modified":"2024-02-15T02:24:16","modified_gmt":"2024-02-15T01:24:16","slug":"zahradni-domek-magico","status":"publish","type":"product","link":"https:\/\/www.steelzone.eu\/cs\/produkt\/zahradni-domek-magico\/","title":{"rendered":"Zahradn\u00ed domek Magico"},"content":{"rendered":"","protected":false},"excerpt":{"rendered":"<p>V\u00edtejte v exkluzivn\u00edm sv\u011bt\u011b na\u0161ich <strong>zahradn\u00edch domk\u016f<\/strong> &#8211; p\u0159edstavujeme model <strong>Magico<\/strong> ! Tento inovativn\u00ed a stylov\u00fd zahradn\u00ed box je vyroben z <strong>prvot\u0159\u00eddn\u00edch materi\u00e1l\u016f<\/strong> a dostupn\u00fd v <strong>r\u016fzn\u00fdch barv\u00e1ch<\/strong> dle va\u0161ich preferenc\u00ed. <strong>P\u0159izp\u016fsobte si<\/strong> jej p\u0159esn\u011b podle sv\u00fdch pot\u0159eb \u2013 m\u016f\u017ee to b\u00fdt zahradn\u00ed domek, \u00falo\u017en\u00fd prostor nebo d\u00edlna.<\/p>\n<p>Z\u00e1kladem je <strong>pevn\u00fd<\/strong> kovov\u00fd profil s <strong>lakovan\u00fdm<\/strong> povrchem, zaji\u0161\u0165uj\u00edc\u00ed <strong>odolnost<\/strong> a dlouhou <strong>\u017eivotnost<\/strong> va\u0161eho zahradn\u00edho domku. Jeho sofistikovan\u00fd kovov\u00fd vzor, \u200b\u200bvy\u0159ezan\u00fd CNC technologi\u00ed, dod\u00e1v\u00e1 unik\u00e1tn\u00ed styl a jedine\u010dnost.<\/p>\n<p>Vyu\u017eijte jej k uskladn\u011bn\u00ed zahradn\u00edch n\u00e1stroj\u016f nebo jako elegantn\u00ed zahradn\u00ed box pro b\u011b\u017en\u00e9 v\u011bci. Zahradn\u00ed domek Magico je elegance spojen\u00edm designu a funkcionality. Objednejte je\u0161t\u011b dnes a ud\u011blejte sv\u016fj dv\u016fr je\u0161t\u011b kr\u00e1sn\u011bj\u0161\u00edm!<\/p>\n","protected":false},"featured_media":8911,"template":"","meta":[],"product_brand":[],"product_cat":[63],"product_tag":[80,103,102],"class_list":{"0":"post-2631","1":"product","2":"type-product","3":"status-publish","4":"has-post-thumbnail","6":"product_cat-zahradni-domky","7":"product_tag-zahradni-boxy","8":"product_tag-zahradni-dilna","9":"product_tag-zahradni-domek","11":"first","12":"instock","13":"taxable","14":"shipping-taxable","15":"purchasable","16":"product-type-simple"},"_links":{"self":[{"href":"https:\/\/www.steelzone.eu\/cs\/wp-json\/wp\/v2\/product\/2631","targetHints":{"allow":["GET"]}}],"collection":[{"href":"https:\/\/www.steelzone.eu\/cs\/wp-json\/wp\/v2\/product"}],"about":[{"href":"https:\/\/www.steelzone.eu\/cs\/wp-json\/wp\/v2\/types\/product"}],"version-history":[{"count":1,"href":"https:\/\/www.steelzone.eu\/cs\/wp-json\/wp\/v2\/product\/2631\/revisions"}],"predecessor-version":[{"id":2634,"href":"https:\/\/www.steelzone.eu\/cs\/wp-json\/wp\/v2\/product\/2631\/revisions\/2634"}],"wp:featuredmedia":[{"embeddable":true,"href":"https:\/\/www.steelzone.eu\/cs\/wp-json\/wp\/v2\/media\/8911"}],"wp:attachment":[{"href":"https:\/\/www.steelzone.eu\/cs\/wp-json\/wp\/v2\/media?parent=2631"}],"wp:term":[{"taxonomy":"product_brand","embeddable":true,"href":"https:\/\/www.steelzone.eu\/cs\/wp-json\/wp\/v2\/product_brand?post=2631"},{"taxonomy":"product_cat","embeddable":true,"href":"https:\/\/www.steelzone.eu\/cs\/wp-json\/wp\/v2\/product_cat?post=2631"},{"taxonomy":"product_tag","embeddable":true,"href":"https:\/\/www.steelzone.eu\/cs\/wp-json\/wp\/v2\/product_tag?post=2631"}],"curies":[{"name":"wp","href":"https:\/\/api.w.org\/{rel}","templated":true}]}}