{"id":2369,"date":"2023-10-23T00:23:27","date_gmt":"2023-10-22T22:23:27","guid":{"rendered":"https:\/\/www.steelzone.eu\/?post_type=product&#038;p=2369"},"modified":"2024-02-15T02:24:15","modified_gmt":"2024-02-15T01:24:15","slug":"zahradni-domek-venturo","status":"publish","type":"product","link":"https:\/\/www.steelzone.eu\/cs\/produkt\/zahradni-domek-venturo\/","title":{"rendered":"Zahradn\u00ed domek Venturo"},"content":{"rendered":"","protected":false},"excerpt":{"rendered":"<p>V\u00edtejte v budoucnosti zahradn\u00edch domk\u016f s na\u0161\u00edm modelem <strong>Venturo<\/strong> ! Tento modern\u00fd a praktick\u00fd <strong>zahradn\u00ed box<\/strong> je vyroben z <strong>nejkvalitn\u011bj\u0161\u00edch<\/strong> materi\u00e1l\u016f a dostupn\u00fd ve v\u00edce barevn\u00fdch proveden\u00edch dle va\u0161\u00ed volby. <strong>Konfigurujte<\/strong> si ho podle vlastn\u00edch pot\u0159eb a p\u0159edstav, a\u0165 u\u017e ho vyu\u017eijete jako <strong>zahradn\u00ed domek, \u00falo\u017en\u00fd prostor nebo d\u00edlnu<\/strong> .<\/p>\n<p>Z\u00e1klad tvo\u0159\u00ed <strong>pevn\u00fd<\/strong> kovov\u00fd profil s lakovan\u00fdm povrchem, zaru\u010duj\u00edc\u00ed odolnost a dlouhou \u017eivotnost va\u0161eho zahradn\u00edho domku. Jeho <strong>elegantn\u00ed kovov\u00fd vzor<\/strong> vy\u0159ezan\u00fd pomoc\u00ed CNC technologie p\u0159id\u00e1v\u00e1 n\u00e1dech stylu a jedine\u010dnosti.<\/p>\n<p>Uskladnit n\u00e1stroje v zahradn\u00ed d\u00edln\u011b nebo jej vyu\u017e\u00edt jako zahradn\u00ed box pro uskladn\u011bn\u00ed b\u011b\u017en\u00fdch zahradn\u00edch v\u011bc\u00ed. Nechte sv\u016fj zahradn\u00ed sen za\u010d\u00edt s modelem Venturo \u2013 dokonal\u00fdm spojen\u00edm stylu a funkcionality. Vyberte barvu podle sv\u00e9ho vkusu a vytvo\u0159te si ide\u00e1ln\u00ed prostor pro chv\u00edle oddechu. Objednejte je\u0161t\u011b dnes a ud\u011blejte sv\u016fj dv\u016fr je\u0161t\u011b kr\u00e1sn\u011bj\u0161\u00edm!<\/p>\n","protected":false},"featured_media":8920,"template":"","meta":[],"product_brand":[],"product_cat":[63],"product_tag":[80,103,102],"class_list":{"0":"post-2369","1":"product","2":"type-product","3":"status-publish","4":"has-post-thumbnail","6":"product_cat-zahradni-domky","7":"product_tag-zahradni-boxy","8":"product_tag-zahradni-dilna","9":"product_tag-zahradni-domek","11":"first","12":"instock","13":"taxable","14":"shipping-taxable","15":"purchasable","16":"product-type-simple"},"_links":{"self":[{"href":"https:\/\/www.steelzone.eu\/cs\/wp-json\/wp\/v2\/product\/2369","targetHints":{"allow":["GET"]}}],"collection":[{"href":"https:\/\/www.steelzone.eu\/cs\/wp-json\/wp\/v2\/product"}],"about":[{"href":"https:\/\/www.steelzone.eu\/cs\/wp-json\/wp\/v2\/types\/product"}],"version-history":[{"count":2,"href":"https:\/\/www.steelzone.eu\/cs\/wp-json\/wp\/v2\/product\/2369\/revisions"}],"predecessor-version":[{"id":2617,"href":"https:\/\/www.steelzone.eu\/cs\/wp-json\/wp\/v2\/product\/2369\/revisions\/2617"}],"wp:featuredmedia":[{"embeddable":true,"href":"https:\/\/www.steelzone.eu\/cs\/wp-json\/wp\/v2\/media\/8920"}],"wp:attachment":[{"href":"https:\/\/www.steelzone.eu\/cs\/wp-json\/wp\/v2\/media?parent=2369"}],"wp:term":[{"taxonomy":"product_brand","embeddable":true,"href":"https:\/\/www.steelzone.eu\/cs\/wp-json\/wp\/v2\/product_brand?post=2369"},{"taxonomy":"product_cat","embeddable":true,"href":"https:\/\/www.steelzone.eu\/cs\/wp-json\/wp\/v2\/product_cat?post=2369"},{"taxonomy":"product_tag","embeddable":true,"href":"https:\/\/www.steelzone.eu\/cs\/wp-json\/wp\/v2\/product_tag?post=2369"}],"curies":[{"name":"wp","href":"https:\/\/api.w.org\/{rel}","templated":true}]}}