{"id":1658,"date":"2023-05-21T00:06:49","date_gmt":"2023-05-20T22:06:49","guid":{"rendered":"https:\/\/www.steelzone.eu\/produkt\/bouda-pro-psa-dh3\/"},"modified":"2024-10-07T23:30:28","modified_gmt":"2024-10-07T21:30:28","slug":"kotec-pro-psa-dh3","status":"publish","type":"product","link":"https:\/\/www.steelzone.eu\/cs\/produkt\/kotec-pro-psa-dh3\/","title":{"rendered":"Kotec pro psa DH3"},"content":{"rendered":"","protected":false},"excerpt":{"rendered":"<p>P\u0159edstavujeme V\u00e1m modern\u00ed kotec pro psy, model DH3, kter\u00fd je vyroben z kombinace plechu\/d\u0159eva\/kompozitu, kovov\u00e9 s\u00edt\u011b a kovov\u00fdch profil\u016f, d\u00edky \u010demu\u017e je nejen estetick\u00fd, ale tak\u00e9 velmi pevn\u00fd a odoln\u00fd. Model DH3 lze tak\u00e9 nakonfigurovat s oto\u010dn\u00fdmi miskami, kter\u00e9 usnad\u0148uj\u00ed krmen\u00ed va\u0161eho dom\u00e1c\u00edho mazl\u00ed\u010dka. Nav\u00edc d\u00edky velk\u00e9mu mno\u017estv\u00ed barev lze koberec p\u0159izp\u016fsobit ka\u017ed\u00e9mu vkusu, proto\u017ee nab\u00edz\u00edme n\u011bkolik r\u016fzn\u00fdch barevn\u00fdch odst\u00edn\u016f. Nejen vzhled, ale i funk\u010dnost tohoto pera je na nejvy\u0161\u0161\u00ed \u00farovni. Model DH3 umo\u017e\u0148uje voln\u00fd pohyb psa a z\u00e1rove\u0148 zaji\u0161\u0165uje jeho bezpe\u010dnost. V\u0161echny prvky konstrukce jsou pe\u010dliv\u011b vyrobeny, co\u017e zaru\u010duje trvanlivost a bezpe\u010dnost pou\u017e\u00edv\u00e1n\u00ed. Modern\u00ed design d\u011bl\u00e1 z kotce ozdobu ka\u017ed\u00e9 zahrady a domova.&nbsp; <b>Technick\u00e9 detaily:<\/b> Kovov\u00e9 \u010d\u00e1sti jsou vyrobeny z nerezav\u011bj\u00edc\u00ed oceli s povrchovou \u00fapravou pro lep\u0161\u00ed odolnost v\u016f\u010di pov\u011btrnostn\u00edm podm\u00ednk\u00e1m. <em>Obr\u00e1zky jsou pouze ilustra\u010dn\u00ed a produkt <b>neobsahuje<\/b> z\u00e1mek na dve\u0159e, misky a psa.<\/em><\/p>\n","protected":false},"featured_media":9428,"template":"","meta":[],"product_brand":[],"product_cat":[62],"product_tag":[84],"class_list":{"0":"post-1658","1":"product","2":"type-product","3":"status-publish","4":"has-post-thumbnail","6":"product_cat-kotce-pro-psy","7":"product_tag-kotrce","9":"first","10":"instock","11":"taxable","12":"shipping-taxable","13":"purchasable","14":"product-type-simple"},"_links":{"self":[{"href":"https:\/\/www.steelzone.eu\/cs\/wp-json\/wp\/v2\/product\/1658","targetHints":{"allow":["GET"]}}],"collection":[{"href":"https:\/\/www.steelzone.eu\/cs\/wp-json\/wp\/v2\/product"}],"about":[{"href":"https:\/\/www.steelzone.eu\/cs\/wp-json\/wp\/v2\/types\/product"}],"version-history":[{"count":4,"href":"https:\/\/www.steelzone.eu\/cs\/wp-json\/wp\/v2\/product\/1658\/revisions"}],"predecessor-version":[{"id":6696,"href":"https:\/\/www.steelzone.eu\/cs\/wp-json\/wp\/v2\/product\/1658\/revisions\/6696"}],"wp:featuredmedia":[{"embeddable":true,"href":"https:\/\/www.steelzone.eu\/cs\/wp-json\/wp\/v2\/media\/9428"}],"wp:attachment":[{"href":"https:\/\/www.steelzone.eu\/cs\/wp-json\/wp\/v2\/media?parent=1658"}],"wp:term":[{"taxonomy":"product_brand","embeddable":true,"href":"https:\/\/www.steelzone.eu\/cs\/wp-json\/wp\/v2\/product_brand?post=1658"},{"taxonomy":"product_cat","embeddable":true,"href":"https:\/\/www.steelzone.eu\/cs\/wp-json\/wp\/v2\/product_cat?post=1658"},{"taxonomy":"product_tag","embeddable":true,"href":"https:\/\/www.steelzone.eu\/cs\/wp-json\/wp\/v2\/product_tag?post=1658"}],"curies":[{"name":"wp","href":"https:\/\/api.w.org\/{rel}","templated":true}]}}