{"id":1652,"date":"2023-05-21T00:04:08","date_gmt":"2023-05-20T22:04:08","guid":{"rendered":"https:\/\/www.steelzone.eu\/produkt\/bouda-pro-psa-dh2\/"},"modified":"2024-10-07T23:30:32","modified_gmt":"2024-10-07T21:30:32","slug":"kotec-pro-psa-dh2","status":"publish","type":"product","link":"https:\/\/www.steelzone.eu\/cs\/produkt\/kotec-pro-psa-dh2\/","title":{"rendered":"Kotec pro psa DH2"},"content":{"rendered":"","protected":false},"excerpt":{"rendered":"<p>P\u0159edstavujeme V\u00e1m n\u00e1\u0161 modern\u00ed a stylov\u00fd kotec pro psy model DH2, kter\u00fd spojuje kr\u00e1su <strong>nejkvalitn\u011bj\u0161\u00edch materi\u00e1l\u016f jako plech\/d\u0159evo\/kompozit s odolnost\u00ed a eleganc\u00ed kovu<\/strong> . Kotec pro psy DH2 m\u00e1 n\u011bkolik laserem vy\u0159ez\u00e1van\u00fdch <strong>vzor\u016f na p\u0159edn\u00ed st\u011bn\u011b<\/strong>, kter\u00e9 umo\u017e\u0148uj\u00ed p\u0159izp\u016fsoben\u00ed pera, nap\u0159\u00edklad <strong>um\u00edst\u011bn\u00edm jm\u00e9na nebo adresy<\/strong> va\u0161eho dom\u00e1c\u00edho mazl\u00ed\u010dka. P\u0159epravka je k dispozici v <strong>r\u016fzn\u00fdch velikostech<\/strong>, tak\u017ee ji m\u016f\u017eete p\u0159izp\u016fsobit pot\u0159eb\u00e1m sv\u00e9ho psa a m\u00edstu, kde bude um\u00edst\u011bna. Kotec pro psy DH2 je nejen praktick\u00fdm a funk\u010dn\u00edm \u0159e\u0161en\u00edm pro va\u0161eho psa, ale tak\u00e9 <strong>elegantn\u00edm prvkem<\/strong> va\u0161\u00ed zahrady. Kotec DH2 <strong>m\u016f\u017ee b\u00fdt<\/strong> nav\u00edc vybaven <strong>d\u0159ev\u011bnou podlahou<\/strong> a <strong>oto\u010dn\u00fdmi miskami<\/strong> pro psa, kter\u00e9 mu poskytnou pohodln\u00e9 a bezpe\u010dn\u00e9 m\u00edsto k odpo\u010dinku. V\u0161echny prvky ohr\u00e1dky DH2 jsou <strong>vyrobeny<\/strong> z <strong>nejkvalitn\u011bj\u0161\u00edch materi\u00e1l\u016f<\/strong>, co\u017e zaru\u010duje odolnost a bezpe\u010dnost psa. N\u00e1\u0161 v\u00fdrobek je nejen praktick\u00fdm \u0159e\u0161en\u00edm, ale tak\u00e9 kr\u00e1sn\u00fdm dekorativn\u00edm prvkem, kter\u00fd jist\u011b zkr\u00e1\u0161l\u00ed ka\u017ed\u00fd kout va\u0161\u00ed zahrady.&nbsp; <b>Technick\u00e9 detaily:<\/b> Kovov\u00e9 \u010d\u00e1sti jsou vyrobeny z nerezav\u011bj\u00edc\u00ed oceli s povrchovou \u00fapravou pro lep\u0161\u00ed odolnost v\u016f\u010di pov\u011btrnostn\u00edm podm\u00ednk\u00e1m. <em>Obr\u00e1zky jsou pouze ilustra\u010dn\u00ed a produkt <b>neobsahuje<\/b> z\u00e1mek na dve\u0159e, misky a psa.<\/em><\/p>\n","protected":false},"featured_media":9425,"template":"","meta":[],"product_brand":[],"product_cat":[62],"product_tag":[84],"class_list":{"0":"post-1652","1":"product","2":"type-product","3":"status-publish","4":"has-post-thumbnail","6":"product_cat-kotce-pro-psy","7":"product_tag-kotrce","9":"first","10":"instock","11":"taxable","12":"shipping-taxable","13":"purchasable","14":"product-type-simple"},"_links":{"self":[{"href":"https:\/\/www.steelzone.eu\/cs\/wp-json\/wp\/v2\/product\/1652","targetHints":{"allow":["GET"]}}],"collection":[{"href":"https:\/\/www.steelzone.eu\/cs\/wp-json\/wp\/v2\/product"}],"about":[{"href":"https:\/\/www.steelzone.eu\/cs\/wp-json\/wp\/v2\/types\/product"}],"version-history":[{"count":5,"href":"https:\/\/www.steelzone.eu\/cs\/wp-json\/wp\/v2\/product\/1652\/revisions"}],"predecessor-version":[{"id":6698,"href":"https:\/\/www.steelzone.eu\/cs\/wp-json\/wp\/v2\/product\/1652\/revisions\/6698"}],"wp:featuredmedia":[{"embeddable":true,"href":"https:\/\/www.steelzone.eu\/cs\/wp-json\/wp\/v2\/media\/9425"}],"wp:attachment":[{"href":"https:\/\/www.steelzone.eu\/cs\/wp-json\/wp\/v2\/media?parent=1652"}],"wp:term":[{"taxonomy":"product_brand","embeddable":true,"href":"https:\/\/www.steelzone.eu\/cs\/wp-json\/wp\/v2\/product_brand?post=1652"},{"taxonomy":"product_cat","embeddable":true,"href":"https:\/\/www.steelzone.eu\/cs\/wp-json\/wp\/v2\/product_cat?post=1652"},{"taxonomy":"product_tag","embeddable":true,"href":"https:\/\/www.steelzone.eu\/cs\/wp-json\/wp\/v2\/product_tag?post=1652"}],"curies":[{"name":"wp","href":"https:\/\/api.w.org\/{rel}","templated":true}]}}